{"id":5593,"date":"2025-08-07T15:47:00","date_gmt":"2025-08-07T18:47:00","guid":{"rendered":"https:\/\/queronavegar.com.br\/naviodaniel\/?page_id=5593"},"modified":"2026-03-25T11:46:29","modified_gmt":"2026-03-25T14:46:29","slug":"contato","status":"publish","type":"page","link":"https:\/\/queronavegar.com.br\/naviodaniel\/contato\/","title":{"rendered":"Contato"},"content":{"rendered":"<p>[et_pb_section fb_built=&#8221;1&#8243; custom_padding_last_edited=&#8221;on|tablet&#8221; admin_label=&#8221;Offer&#8221; module_id=&#8221;contato&#8221; _builder_version=&#8221;4.27.4&#8243; background_color=&#8221;RGBA(255,255,255,0)&#8221; background_image=&#8221;http:\/\/queronavegar.com.br\/navioalexandrepires\/wp-content\/uploads\/sites\/135\/2025\/12\/padraoEscuro.png&#8221; background_size=&#8221;initial&#8221; background_repeat=&#8221;repeat&#8221; background_blend=&#8221;color&#8221; custom_margin=&#8221;||||false|false&#8221; custom_padding=&#8221;16px||0px|||&#8221; custom_padding_tablet=&#8221;80px||80px|&#8221; custom_padding_phone=&#8221;&#8221; locked=&#8221;off&#8221; global_colors_info=&#8221;{}&#8221;][et_pb_row _builder_version=&#8221;4.27.4&#8243; _module_preset=&#8221;default&#8221; locked=&#8221;off&#8221; global_colors_info=&#8221;{}&#8221; custom_padding=&#8221;60px|||||&#8221;][et_pb_column type=&#8221;4_4&#8243; _builder_version=&#8221;4.27.4&#8243; _module_preset=&#8221;default&#8221; global_colors_info=&#8221;{}&#8221;][et_pb_image src=&#8221;http:\/\/queronavegar.com.br\/navioalexandrepires\/wp-content\/uploads\/sites\/135\/2026\/03\/logoMenuBr.png&#8221; title_text=&#8221;logoMenuBr&#8221; align=&#8221;center&#8221; _builder_version=&#8221;4.27.4&#8243; _module_preset=&#8221;default&#8221; hover_enabled=&#8221;0&#8243; global_colors_info=&#8221;{}&#8221; sticky_enabled=&#8221;0&#8243;][\/et_pb_image][et_pb_text admin_label=&#8221;CTA Section Title&#8221; _builder_version=&#8221;4.27.4&#8243; text_font=&#8221;||||&#8221; header_font=&#8221;Oswald|on||on|&#8221; header_text_align=&#8221;center&#8221; header_font_size=&#8221;50px&#8221; header_line_height=&#8221;1.3em&#8221; background_layout=&#8221;dark&#8221; module_alignment=&#8221;center&#8221; custom_margin=&#8221;-16px|||||&#8221; custom_padding=&#8221;37px|||||&#8221; animation_style=&#8221;zoom&#8221; animation_delay=&#8221;100ms&#8221; animation_intensity_zoom=&#8221;20%&#8221; hover_enabled=&#8221;0&#8243; locked=&#8221;off&#8221; global_colors_info=&#8221;{}&#8221; sticky_enabled=&#8221;0&#8243;]<\/p>\n<h1 style=\"text-align: center;\"><span style=\"color: #ffffff;\">CONTATO<\/span><\/h1>\n<p>[\/et_pb_text][\/et_pb_column][\/et_pb_row][et_pb_row column_structure=&#8221;1_2,1_2&#8243; _builder_version=&#8221;4.22.1&#8243; background_size=&#8221;initial&#8221; background_position=&#8221;top_left&#8221; background_repeat=&#8221;repeat&#8221; custom_margin=&#8221;21px|auto||auto||&#8221; custom_padding=&#8221;31px||61px|||&#8221; locked=&#8221;off&#8221; global_colors_info=&#8221;{}&#8221;][et_pb_column type=&#8221;1_2&#8243; _builder_version=&#8221;4.16&#8243; custom_padding=&#8221;|||&#8221; global_colors_info=&#8221;{}&#8221; custom_padding__hover=&#8221;|||&#8221;][et_pb_text admin_label=&#8221;Contact Text&#8221; _builder_version=&#8221;4.27.4&#8243; text_font=&#8221;Roboto||||&#8221; text_font_size=&#8221;16px&#8221; text_line_height=&#8221;1.9em&#8221; background_size=&#8221;initial&#8221; background_position=&#8221;top_left&#8221; background_repeat=&#8221;repeat&#8221; background_layout=&#8221;dark&#8221; max_width=&#8221;450px&#8221; custom_margin=&#8221;-5px||||false|false&#8221; custom_padding=&#8221;||2px||false|false&#8221; animation_style=&#8221;slide&#8221; animation_direction=&#8221;top&#8221; animation_delay=&#8221;400ms&#8221; animation_intensity_slide=&#8221;4%&#8221; locked=&#8221;off&#8221; global_colors_info=&#8221;{}&#8221;]<\/p>\n<p><span style=\"color: #ffffff;\">Quer tirar qualquer tipo de d\u00favida?<\/span><\/p>\n<p><span style=\"color: #ffffff;\">Quer desconto para crian\u00e7a? Tem um grupo e quer uma condi\u00e7\u00e3o diferenciada? Seja qual for o assunto, nossa equipe ter\u00e1 o maior prazer em ajudar ok?<\/span><\/p>\n<p><span style=\"color: #003366;\"><span style=\"color: #ffffff;\">Preencha o formul\u00e1rio que entraremos em contato em breve para te ajudar. Se preferir, fale agora com um dos nossos especialistas no Whatsapp,<span style=\"text-decoration: underline; color: #99cc00;\"> <strong><a href=\"https:\/\/api.whatsapp.com\/send?phone=5511953032244&amp;text=Ola,%20Desejo%20informa\u00e7\u00f5es%20do%20Navio%20Dominguinho%20em%20Alto%20Mar%202026...\" target=\"_blank\" rel=\"noopener\" style=\"color: #99cc00; text-decoration: underline;\">clicando AQUI.<\/a><\/strong><\/span><\/span><\/span><\/p>\n<p><span style=\"color: #003366;\">\u00a0<\/span><\/p>\n<p>[\/et_pb_text][\/et_pb_column][et_pb_column type=&#8221;1_2&#8243; _builder_version=&#8221;4.16&#8243; custom_padding=&#8221;|||&#8221; global_colors_info=&#8221;{}&#8221; custom_padding__hover=&#8221;|||&#8221;][et_pb_contact_form captcha=&#8221;off&#8221; email=&#8221;contato@queronavegar.com&#8221; custom_message=&#8221;Nome: %%nome%%||et_pb_line_break_holder||Email: %%email%%||et_pb_line_break_holder||Whatsapp: %%whatsapp%%||et_pb_line_break_holder||Menu: %%menu%%||et_pb_line_break_holder||&#8221; success_message=&#8221;*****Obrigado. Entraremos em contato em breve, aguarde!&#8221; submit_button_text=&#8221;Enviar Formul\u00e1rio&#8221; _builder_version=&#8221;4.27.4&#8243; _module_preset=&#8221;default&#8221; _unique_id=&#8221;ebded0d3-2946-4e68-ab18-980cd83eccf7&#8243; custom_button=&#8221;on&#8221; button_text_size=&#8221;19px&#8221; button_text_color=&#8221;#FFFFFF&#8221; button_border_width=&#8221;3px&#8221; button_border_radius=&#8221;5px&#8221; button_font=&#8221;|600|||||||&#8221; button_icon=&#8221;&#x24;||divi||400&#8243; box_shadow_style=&#8221;preset4&#8243; box_shadow_style_button=&#8221;preset2&#8243; global_colors_info=&#8221;{}&#8221;][et_pb_contact_field field_id=&#8221;Nome&#8221; field_title=&#8221;Nome&#8221; fullwidth_field=&#8221;on&#8221; _builder_version=&#8221;4.22.1&#8243; global_colors_info=&#8221;{}&#8221; button_text_size__hover_enabled=&#8221;off&#8221; button_one_text_size__hover_enabled=&#8221;off&#8221; button_two_text_size__hover_enabled=&#8221;off&#8221; button_text_color__hover_enabled=&#8221;off&#8221; button_one_text_color__hover_enabled=&#8221;off&#8221; button_two_text_color__hover_enabled=&#8221;off&#8221; button_border_width__hover_enabled=&#8221;off&#8221; button_one_border_width__hover_enabled=&#8221;off&#8221; button_two_border_width__hover_enabled=&#8221;off&#8221; button_border_color__hover_enabled=&#8221;off&#8221; button_one_border_color__hover_enabled=&#8221;off&#8221; button_two_border_color__hover_enabled=&#8221;off&#8221; button_border_radius__hover_enabled=&#8221;off&#8221; button_one_border_radius__hover_enabled=&#8221;off&#8221; button_two_border_radius__hover_enabled=&#8221;off&#8221; button_letter_spacing__hover_enabled=&#8221;off&#8221; button_one_letter_spacing__hover_enabled=&#8221;off&#8221; button_two_letter_spacing__hover_enabled=&#8221;off&#8221; button_bg_color__hover_enabled=&#8221;off&#8221; button_one_bg_color__hover_enabled=&#8221;off&#8221; button_two_bg_color__hover_enabled=&#8221;off&#8221;][\/et_pb_contact_field][et_pb_contact_field field_id=&#8221;Whatsapp&#8221; field_title=&#8221;Whatsapp com DDD&#8221; fullwidth_field=&#8221;on&#8221; _builder_version=&#8221;4.22.1&#8243; global_colors_info=&#8221;{}&#8221; button_text_size__hover_enabled=&#8221;off&#8221; button_one_text_size__hover_enabled=&#8221;off&#8221; button_two_text_size__hover_enabled=&#8221;off&#8221; button_text_color__hover_enabled=&#8221;off&#8221; button_one_text_color__hover_enabled=&#8221;off&#8221; button_two_text_color__hover_enabled=&#8221;off&#8221; button_border_width__hover_enabled=&#8221;off&#8221; button_one_border_width__hover_enabled=&#8221;off&#8221; button_two_border_width__hover_enabled=&#8221;off&#8221; button_border_color__hover_enabled=&#8221;off&#8221; button_one_border_color__hover_enabled=&#8221;off&#8221; button_two_border_color__hover_enabled=&#8221;off&#8221; button_border_radius__hover_enabled=&#8221;off&#8221; button_one_border_radius__hover_enabled=&#8221;off&#8221; button_two_border_radius__hover_enabled=&#8221;off&#8221; button_letter_spacing__hover_enabled=&#8221;off&#8221; button_one_letter_spacing__hover_enabled=&#8221;off&#8221; button_two_letter_spacing__hover_enabled=&#8221;off&#8221; button_bg_color__hover_enabled=&#8221;off&#8221; button_one_bg_color__hover_enabled=&#8221;off&#8221; button_two_bg_color__hover_enabled=&#8221;off&#8221;][\/et_pb_contact_field][et_pb_contact_field field_id=&#8221;Email&#8221; field_title=&#8221;Email&#8221; field_type=&#8221;email&#8221; required_mark=&#8221;off&#8221; fullwidth_field=&#8221;on&#8221; _builder_version=&#8221;4.22.1&#8243; global_colors_info=&#8221;{}&#8221; button_text_size__hover_enabled=&#8221;off&#8221; button_one_text_size__hover_enabled=&#8221;off&#8221; button_two_text_size__hover_enabled=&#8221;off&#8221; button_text_color__hover_enabled=&#8221;off&#8221; button_one_text_color__hover_enabled=&#8221;off&#8221; button_two_text_color__hover_enabled=&#8221;off&#8221; button_border_width__hover_enabled=&#8221;off&#8221; button_one_border_width__hover_enabled=&#8221;off&#8221; button_two_border_width__hover_enabled=&#8221;off&#8221; button_border_color__hover_enabled=&#8221;off&#8221; button_one_border_color__hover_enabled=&#8221;off&#8221; button_two_border_color__hover_enabled=&#8221;off&#8221; button_border_radius__hover_enabled=&#8221;off&#8221; button_one_border_radius__hover_enabled=&#8221;off&#8221; button_two_border_radius__hover_enabled=&#8221;off&#8221; button_letter_spacing__hover_enabled=&#8221;off&#8221; button_one_letter_spacing__hover_enabled=&#8221;off&#8221; button_two_letter_spacing__hover_enabled=&#8221;off&#8221; button_bg_color__hover_enabled=&#8221;off&#8221; button_one_bg_color__hover_enabled=&#8221;off&#8221; button_two_bg_color__hover_enabled=&#8221;off&#8221;][\/et_pb_contact_field][et_pb_contact_field field_id=&#8221;Menu&#8221; field_title=&#8221;Selecione a Op\u00e7\u00e3o de contato&#8221; field_type=&#8221;select&#8221; select_options=&#8221;%91{%22value%22:%22Parcelar com V\u00e1rios Cart\u00f5es sem Juros%22,%22checked%22:0,%22dragID%22:-1},{%22value%22:%22Parcelar em Boleto sem Juros%22,%22checked%22:0,%22dragID%22:0},{%22value%22:%22Quero Desconto para crian\u00e7a%22,%22checked%22:0,%22dragID%22:1},{%22value%22:%22Quero condi\u00e7\u00f5es para Grupos%22,%22checked%22:0,%22dragID%22:2},{%22value%22:%22Outros Assuntos%22,%22checked%22:0,%22dragID%22:3}%93&#8243; fullwidth_field=&#8221;on&#8221; _builder_version=&#8221;4.27.4&#8243; global_colors_info=&#8221;{}&#8221; button_text_size__hover_enabled=&#8221;off&#8221; button_one_text_size__hover_enabled=&#8221;off&#8221; button_two_text_size__hover_enabled=&#8221;off&#8221; button_text_color__hover_enabled=&#8221;off&#8221; button_one_text_color__hover_enabled=&#8221;off&#8221; button_two_text_color__hover_enabled=&#8221;off&#8221; button_border_width__hover_enabled=&#8221;off&#8221; button_one_border_width__hover_enabled=&#8221;off&#8221; button_two_border_width__hover_enabled=&#8221;off&#8221; button_border_color__hover_enabled=&#8221;off&#8221; button_one_border_color__hover_enabled=&#8221;off&#8221; button_two_border_color__hover_enabled=&#8221;off&#8221; button_border_radius__hover_enabled=&#8221;off&#8221; button_one_border_radius__hover_enabled=&#8221;off&#8221; button_two_border_radius__hover_enabled=&#8221;off&#8221; button_letter_spacing__hover_enabled=&#8221;off&#8221; button_one_letter_spacing__hover_enabled=&#8221;off&#8221; button_two_letter_spacing__hover_enabled=&#8221;off&#8221; button_bg_color__hover_enabled=&#8221;off&#8221; button_one_bg_color__hover_enabled=&#8221;off&#8221; button_two_bg_color__hover_enabled=&#8221;off&#8221;][\/et_pb_contact_field][\/et_pb_contact_form][\/et_pb_column][\/et_pb_row][\/et_pb_section][et_pb_section fb_built=&#8221;1&#8243; prev_background_color=&#8221;RGBA(255,255,255,0)&#8221; admin_label=&#8221;Newsletter&#8221; _builder_version=&#8221;4.16&#8243; background_color=&#8221;rgba(0,0,0,0.5)&#8221; background_image=&#8221;https:\/\/queronavegar.com.br\/naviodaniel2026322\/wp-content\/uploads\/sites\/135\/2021\/06\/img-office1.jpeg&#8221; background_blend=&#8221;color&#8221; custom_padding=&#8221;68px||0px|||&#8221; top_divider_style=&#8221;arrow3&#8243; saved_tabs=&#8221;all&#8221; global_colors_info=&#8221;{}&#8221;][et_pb_row _builder_version=&#8221;4.16&#8243; custom_margin=&#8221;|||&#8221; global_colors_info=&#8221;{}&#8221;][et_pb_column type=&#8221;4_4&#8243; _builder_version=&#8221;4.16&#8243; custom_padding=&#8221;|||&#8221; global_colors_info=&#8221;{}&#8221; custom_padding__hover=&#8221;|||&#8221;][et_pb_text admin_label=&#8221;CTA Section Subtitle&#8221; _builder_version=&#8221;4.22.1&#8243; text_font=&#8221;Roboto|on||on|&#8221; text_font_size=&#8221;24px&#8221; text_letter_spacing=&#8221;4px&#8221; background_layout=&#8221;dark&#8221; module_alignment=&#8221;center&#8221; animation_style=&#8221;zoom&#8221; animation_intensity_zoom=&#8221;20%&#8221; global_colors_info=&#8221;{}&#8221;]<\/p>\n<p>SUPORTE GARANTIDO<\/p>\n<p>[\/et_pb_text][\/et_pb_column][\/et_pb_row][et_pb_row column_structure=&#8221;1_2,1_2&#8243; _builder_version=&#8221;4.16&#8243; background_size=&#8221;initial&#8221; background_position=&#8221;top_left&#8221; background_repeat=&#8221;repeat&#8221; global_colors_info=&#8221;{}&#8221;][et_pb_column type=&#8221;1_2&#8243; _builder_version=&#8221;4.16&#8243; custom_padding=&#8221;|||&#8221; global_colors_info=&#8221;{}&#8221; custom_padding__hover=&#8221;|||&#8221;][et_pb_text admin_label=&#8221;Contact Title&#8221; _builder_version=&#8221;4.16&#8243; text_font=&#8221;||||&#8221; text_text_color=&#8221;#1a1a1a&#8221; header_font=&#8221;Oswald|on||on|&#8221; header_text_align=&#8221;left&#8221; header_font_size=&#8221;50px&#8221; header_line_height=&#8221;1.3em&#8221; background_size=&#8221;initial&#8221; background_position=&#8221;top_left&#8221; background_repeat=&#8221;repeat&#8221; background_layout=&#8221;dark&#8221; max_width=&#8221;450px&#8221; custom_margin=&#8221;|||&#8221; custom_padding=&#8221;|||&#8221; animation_style=&#8221;slide&#8221; animation_direction=&#8221;top&#8221; animation_intensity_slide=&#8221;10%&#8221; locked=&#8221;off&#8221; global_colors_info=&#8221;{}&#8221;]<\/p>\n<h1>OPERADORA OFICIAL<\/h1>\n<p>[\/et_pb_text][et_pb_text admin_label=&#8221;Contact Text&#8221; _builder_version=&#8221;4.16&#8243; text_font=&#8221;Roboto||||&#8221; text_font_size=&#8221;16px&#8221; text_line_height=&#8221;1.9em&#8221; background_size=&#8221;initial&#8221; background_position=&#8221;top_left&#8221; background_repeat=&#8221;repeat&#8221; background_layout=&#8221;dark&#8221; max_width=&#8221;450px&#8221; custom_margin=&#8221;40px||103px||false|false&#8221; custom_padding=&#8221;||40px||false|false&#8221; animation_style=&#8221;slide&#8221; animation_direction=&#8221;top&#8221; animation_delay=&#8221;400ms&#8221; animation_intensity_slide=&#8221;4%&#8221; locked=&#8221;off&#8221; global_colors_info=&#8221;{}&#8221;]<\/p>\n<p><span>A Quero Navegar \u00e9 l\u00edder em vendas dos navios tem\u00e1ticos no Brasil desde 2013. Sua compra poder\u00e1 ser feita ONline, presencial ou por chamada de v\u00eddeo ok?<\/span><\/p>\n<p>[\/et_pb_text][\/et_pb_column][et_pb_column type=&#8221;1_2&#8243; _builder_version=&#8221;4.16&#8243; custom_padding=&#8221;|||&#8221; global_colors_info=&#8221;{}&#8221; custom_padding__hover=&#8221;|||&#8221;][\/et_pb_column][\/et_pb_row][et_pb_row _builder_version=&#8221;4.22.1&#8243; _module_preset=&#8221;default&#8221; custom_margin=&#8221;-6px|auto||auto||&#8221; custom_padding=&#8221;0px||1px|||&#8221; locked=&#8221;off&#8221; global_colors_info=&#8221;{}&#8221;][et_pb_column type=&#8221;4_4&#8243; _builder_version=&#8221;4.22.1&#8243; _module_preset=&#8221;default&#8221; global_colors_info=&#8221;{}&#8221;][et_pb_text _builder_version=&#8221;4.27.4&#8243; _module_preset=&#8221;default&#8221; custom_padding=&#8221;0px||3px|||&#8221; global_colors_info=&#8221;{}&#8221;]<\/p>\n<h6 style=\"text-align: center;\"><span style=\"color: #ffffff;\">Todos os direitos reservados R3 Turismo Operadora e Ag\u00eancia de Viagens Ltda.<\/span><\/h6>\n<p style=\"text-align: center;\"><span style=\"color: #ffffff;\">Somos Operadora PromoA\u00e7\u00e3o desde 2013.<\/span><\/p>\n<p style=\"text-align: center;\"><span style=\"color: #ffffff;\"><\/span><\/p>\n<p style=\"text-align: center;\"><span style=\"color: #ffffff;\"><\/span><\/p>\n<h5 style=\"text-align: center;\"><span style=\"color: #ffffff;\"><strong>Atendimento (11) 2887-1316<\/strong><\/span><\/h5>\n<h5 style=\"text-align: center;\"><span style=\"color: #ffffff;\"><strong>Whatsapp (11) 95303-2244<\/strong><\/span><\/h5>\n<p><span style=\"color: #ffffff;\"><strong><\/strong><\/span><\/p>\n<p><span style=\"color: #ffffff;\"><strong><\/strong><\/span><\/p>\n<p><span style=\"color: #ffffff;\"><strong><\/strong><\/span><\/p>\n<p><span style=\"color: #ffffff;\"><strong><\/strong><\/span><\/p>\n<h6 style=\"text-align: center;\"><span style=\"color: #ffffff;\">\ud83d\udea2 A \u00fanica operadora 100% especializada em navios tem\u00e1ticos no Brasil.<\/span><\/h6>\n<p>[\/et_pb_text][et_pb_image src=&#8221;http:\/\/queronavegar.com.br\/navioalexandrepires\/wp-content\/uploads\/sites\/135\/2025\/11\/1-SafeBanner.png&#8221; title_text=&#8221;1-SafeBanner&#8221; align=&#8221;center&#8221; _builder_version=&#8221;4.27.4&#8243; _module_preset=&#8221;default&#8221; custom_margin=&#8221;||0px|||&#8221; custom_padding=&#8221;16px||31px|||&#8221; global_colors_info=&#8221;{}&#8221;][\/et_pb_image][et_pb_image src=&#8221;http:\/\/queronavegar.com.br\/navioalexandrepires\/wp-content\/uploads\/sites\/135\/2025\/12\/seloRA.png&#8221; title_text=&#8221;seloRA&#8221; url=&#8221;http:\/\/www.reclameaqui.com.br\/rav\/EEQy&#8221; url_new_window=&#8221;on&#8221; align=&#8221;center&#8221; _builder_version=&#8221;4.27.4&#8243; _module_preset=&#8221;default&#8221; custom_padding=&#8221;||39px|||&#8221; locked=&#8221;off&#8221; global_colors_info=&#8221;{}&#8221;][\/et_pb_image][\/et_pb_column][\/et_pb_row][\/et_pb_section]<\/p>\n","protected":false},"excerpt":{"rendered":"<p>CONTATOQuer tirar qualquer tipo de d\u00favida? Quer desconto para crian\u00e7a? Tem um grupo e quer uma condi\u00e7\u00e3o diferenciada? Seja qual for o assunto, nossa equipe ter\u00e1 o maior prazer em ajudar ok? Preencha o formul\u00e1rio que entraremos em contato em breve para te ajudar. Se preferir, fale agora com um dos nossos especialistas no Whatsapp, [&hellip;]<\/p>\n","protected":false},"author":1,"featured_media":0,"parent":0,"menu_order":0,"comment_status":"closed","ping_status":"closed","template":"","meta":{"_et_pb_use_builder":"on","_et_pb_old_content":"","_et_gb_content_width":"","_joinchat":[],"footnotes":""},"class_list":["post-5593","page","type-page","status-publish","hentry"],"yoast_head":"<!-- This site is optimized with the Yoast SEO Premium plugin v25.3.1 (Yoast SEO v25.3.1) - https:\/\/yoast.com\/wordpress\/plugins\/seo\/ -->\n<title>Contato - Navio Daniel 2027 | Vendas Oficiais - Msc Divina Janeiro 2027<\/title>\n<meta name=\"description\" content=\"Navio Daniel 2027 e convidados | Parcele sem Juros | Msc Divina. Compre de Operadora Oficial e Garanta as Melhores Condi\u00e7\u00f5es Agora.\" \/>\n<meta name=\"robots\" content=\"index, follow, max-snippet:-1, max-image-preview:large, max-video-preview:-1\" \/>\n<link rel=\"canonical\" href=\"https:\/\/queronavegar.com.br\/naviodaniel\/contato\/\" \/>\n<meta property=\"og:locale\" content=\"pt_BR\" \/>\n<meta property=\"og:type\" content=\"article\" \/>\n<meta property=\"og:title\" content=\"Contato\" \/>\n<meta property=\"og:description\" content=\"Navio Daniel 2027 e convidados | Parcele sem Juros | Msc Divina. Compre de Operadora Oficial e Garanta as Melhores Condi\u00e7\u00f5es Agora.\" \/>\n<meta property=\"og:url\" content=\"https:\/\/queronavegar.com.br\/naviodaniel\/contato\/\" \/>\n<meta property=\"og:site_name\" content=\"Navio Daniel 2027 | Vendas Oficiais\" \/>\n<meta property=\"article:modified_time\" content=\"2026-03-25T14:46:29+00:00\" \/>\n<meta name=\"twitter:card\" content=\"summary_large_image\" \/>\n<meta name=\"twitter:label1\" content=\"Est. tempo de leitura\" \/>\n\t<meta name=\"twitter:data1\" content=\"2 minutos\" \/>\n<script type=\"application\/ld+json\" class=\"yoast-schema-graph\">{\"@context\":\"https:\/\/schema.org\",\"@graph\":[{\"@type\":\"WebPage\",\"@id\":\"https:\/\/queronavegar.com.br\/naviodaniel\/contato\/\",\"url\":\"https:\/\/queronavegar.com.br\/naviodaniel\/contato\/\",\"name\":\"Contato - Navio Daniel 2027 | Vendas Oficiais - Msc Divina Janeiro 2027\",\"isPartOf\":{\"@id\":\"https:\/\/queronavegar.com.br\/naviodaniel\/#website\"},\"datePublished\":\"2025-08-07T18:47:00+00:00\",\"dateModified\":\"2026-03-25T14:46:29+00:00\",\"description\":\"Navio Daniel 2027 e convidados | Parcele sem Juros | Msc Divina. Compre de Operadora Oficial e Garanta as Melhores Condi\u00e7\u00f5es Agora.\",\"breadcrumb\":{\"@id\":\"https:\/\/queronavegar.com.br\/naviodaniel\/contato\/#breadcrumb\"},\"inLanguage\":\"pt-BR\",\"potentialAction\":[{\"@type\":\"ReadAction\",\"target\":[\"https:\/\/queronavegar.com.br\/naviodaniel\/contato\/\"]}]},{\"@type\":\"BreadcrumbList\",\"@id\":\"https:\/\/queronavegar.com.br\/naviodaniel\/contato\/#breadcrumb\",\"itemListElement\":[{\"@type\":\"ListItem\",\"position\":1,\"name\":\"In\u00edcio\",\"item\":\"https:\/\/queronavegar.com.br\/naviodaniel\/\"},{\"@type\":\"ListItem\",\"position\":2,\"name\":\"Contato\"}]},{\"@type\":\"WebSite\",\"@id\":\"https:\/\/queronavegar.com.br\/naviodaniel\/#website\",\"url\":\"https:\/\/queronavegar.com.br\/naviodaniel\/\",\"name\":\"Navio Daniel 2027 | Vendas Oficiais\",\"description\":\"S\u00f3 mais um site QueroNavegar\",\"potentialAction\":[{\"@type\":\"SearchAction\",\"target\":{\"@type\":\"EntryPoint\",\"urlTemplate\":\"https:\/\/queronavegar.com.br\/naviodaniel\/?s={search_term_string}\"},\"query-input\":{\"@type\":\"PropertyValueSpecification\",\"valueRequired\":true,\"valueName\":\"search_term_string\"}}],\"inLanguage\":\"pt-BR\"}]}<\/script>\n<!-- \/ Yoast SEO Premium plugin. -->","yoast_head_json":{"title":"Contato - Navio Daniel 2027 | Vendas Oficiais - Msc Divina Janeiro 2027","description":"Navio Daniel 2027 e convidados | Parcele sem Juros | Msc Divina. Compre de Operadora Oficial e Garanta as Melhores Condi\u00e7\u00f5es Agora.","robots":{"index":"index","follow":"follow","max-snippet":"max-snippet:-1","max-image-preview":"max-image-preview:large","max-video-preview":"max-video-preview:-1"},"canonical":"https:\/\/queronavegar.com.br\/naviodaniel\/contato\/","og_locale":"pt_BR","og_type":"article","og_title":"Contato","og_description":"Navio Daniel 2027 e convidados | Parcele sem Juros | Msc Divina. Compre de Operadora Oficial e Garanta as Melhores Condi\u00e7\u00f5es Agora.","og_url":"https:\/\/queronavegar.com.br\/naviodaniel\/contato\/","og_site_name":"Navio Daniel 2027 | Vendas Oficiais","article_modified_time":"2026-03-25T14:46:29+00:00","twitter_card":"summary_large_image","twitter_misc":{"Est. tempo de leitura":"2 minutos"},"schema":{"@context":"https:\/\/schema.org","@graph":[{"@type":"WebPage","@id":"https:\/\/queronavegar.com.br\/naviodaniel\/contato\/","url":"https:\/\/queronavegar.com.br\/naviodaniel\/contato\/","name":"Contato - Navio Daniel 2027 | Vendas Oficiais - Msc Divina Janeiro 2027","isPartOf":{"@id":"https:\/\/queronavegar.com.br\/naviodaniel\/#website"},"datePublished":"2025-08-07T18:47:00+00:00","dateModified":"2026-03-25T14:46:29+00:00","description":"Navio Daniel 2027 e convidados | Parcele sem Juros | Msc Divina. Compre de Operadora Oficial e Garanta as Melhores Condi\u00e7\u00f5es Agora.","breadcrumb":{"@id":"https:\/\/queronavegar.com.br\/naviodaniel\/contato\/#breadcrumb"},"inLanguage":"pt-BR","potentialAction":[{"@type":"ReadAction","target":["https:\/\/queronavegar.com.br\/naviodaniel\/contato\/"]}]},{"@type":"BreadcrumbList","@id":"https:\/\/queronavegar.com.br\/naviodaniel\/contato\/#breadcrumb","itemListElement":[{"@type":"ListItem","position":1,"name":"In\u00edcio","item":"https:\/\/queronavegar.com.br\/naviodaniel\/"},{"@type":"ListItem","position":2,"name":"Contato"}]},{"@type":"WebSite","@id":"https:\/\/queronavegar.com.br\/naviodaniel\/#website","url":"https:\/\/queronavegar.com.br\/naviodaniel\/","name":"Navio Daniel 2027 | Vendas Oficiais","description":"S\u00f3 mais um site QueroNavegar","potentialAction":[{"@type":"SearchAction","target":{"@type":"EntryPoint","urlTemplate":"https:\/\/queronavegar.com.br\/naviodaniel\/?s={search_term_string}"},"query-input":{"@type":"PropertyValueSpecification","valueRequired":true,"valueName":"search_term_string"}}],"inLanguage":"pt-BR"}]}},"_links":{"self":[{"href":"https:\/\/queronavegar.com.br\/naviodaniel\/wp-json\/wp\/v2\/pages\/5593","targetHints":{"allow":["GET"]}}],"collection":[{"href":"https:\/\/queronavegar.com.br\/naviodaniel\/wp-json\/wp\/v2\/pages"}],"about":[{"href":"https:\/\/queronavegar.com.br\/naviodaniel\/wp-json\/wp\/v2\/types\/page"}],"author":[{"embeddable":true,"href":"https:\/\/queronavegar.com.br\/naviodaniel\/wp-json\/wp\/v2\/users\/1"}],"replies":[{"embeddable":true,"href":"https:\/\/queronavegar.com.br\/naviodaniel\/wp-json\/wp\/v2\/comments?post=5593"}],"version-history":[{"count":30,"href":"https:\/\/queronavegar.com.br\/naviodaniel\/wp-json\/wp\/v2\/pages\/5593\/revisions"}],"predecessor-version":[{"id":6198,"href":"https:\/\/queronavegar.com.br\/naviodaniel\/wp-json\/wp\/v2\/pages\/5593\/revisions\/6198"}],"wp:attachment":[{"href":"https:\/\/queronavegar.com.br\/naviodaniel\/wp-json\/wp\/v2\/media?parent=5593"}],"curies":[{"name":"wp","href":"https:\/\/api.w.org\/{rel}","templated":true}]}}