{"id":2866,"date":"2021-06-19T18:24:59","date_gmt":"2021-06-19T21:24:59","guid":{"rendered":"https:\/\/queronavegar.com.br\/naviodozeze22\/?page_id=2866"},"modified":"2025-05-26T19:02:13","modified_gmt":"2025-05-26T22:02:13","slug":"evento","status":"publish","type":"page","link":"https:\/\/queronavegar.com.br\/naviodozezeantigobaseeee\/evento\/","title":{"rendered":"O Evento"},"content":{"rendered":"\n[et_pb_section fb_built=&#8221;1&#8243; admin_label=&#8221;Hero&#8221; _builder_version=&#8221;4.22.1&#8243; background_image=&#8221;https:\/\/queronavegar.com.br\/navioalexandrepires\/wp-content\/uploads\/sites\/76\/2021\/06\/WhatsApp-Image-2021-03-07-at-21.40.56-1.jpeg&#8221; custom_padding=&#8221;||||false|false&#8221; box_shadow_style=&#8221;preset3&#8243; collapsed=&#8221;on&#8221; global_colors_info=&#8221;{}&#8221;][et_pb_row column_structure=&#8221;1_2,1_2&#8243; use_custom_gutter=&#8221;on&#8221; gutter_width=&#8221;1&#8243; _builder_version=&#8221;4.16&#8243; width=&#8221;100%&#8221; width_tablet=&#8221;100%&#8221; width_phone=&#8221;&#8221; width_last_edited=&#8221;on|desktop&#8221; max_width=&#8221;100%&#8221; max_width_tablet=&#8221;100%&#8221; max_width_phone=&#8221;&#8221; max_width_last_edited=&#8221;on|desktop&#8221; make_fullwidth=&#8221;on&#8221; global_colors_info=&#8221;{}&#8221;][et_pb_column type=&#8221;1_2&#8243; _builder_version=&#8221;4.16&#8243; background_position=&#8221;top_left&#8221; custom_padding=&#8221;|10%||10%|false|false&#8221; global_colors_info=&#8221;{}&#8221; custom_padding__hover=&#8221;|||&#8221;][et_pb_text admin_label=&#8221;Hero Title&#8221; _builder_version=&#8221;4.16&#8243; text_font=&#8221;||||&#8221; text_text_color=&#8221;#1a1a1a&#8221; header_font=&#8221;Oswald|on||on|&#8221; header_text_align=&#8221;left&#8221; header_font_size=&#8221;60px&#8221; header_line_height=&#8221;1.3em&#8221; background_layout=&#8221;dark&#8221; max_width=&#8221;450px&#8221; custom_margin=&#8221;|||&#8221; custom_padding=&#8221;|||&#8221; animation_style=&#8221;slide&#8221; animation_direction=&#8221;top&#8221; animation_intensity_slide=&#8221;10%&#8221; header_text_shadow_style=&#8221;preset5&#8243; locked=&#8221;off&#8221; global_colors_info=&#8221;{}&#8221;]<h1>O Evento<\/h1>[\/et_pb_text][et_pb_divider divider_position=&#8221;center&#8221; divider_weight=&#8221;3px&#8221; disabled_on=&#8221;on|on|off%22&#8243; _builder_version=&#8221;4.16&#8243; max_width=&#8221;150px&#8221; height=&#8221;false&#8221; custom_margin=&#8221;30px|||&#8221; animation_style=&#8221;slide&#8221; animation_direction=&#8221;top&#8221; animation_delay=&#8221;100ms&#8221; animation_intensity_slide=&#8221;10%&#8221; locked=&#8221;off&#8221; global_colors_info=&#8221;{}&#8221;][\/et_pb_divider][et_pb_text admin_label=&#8221;Hero Sub Title&#8221; _builder_version=&#8221;4.16&#8243; text_font=&#8221;Roboto||||&#8221; text_text_color=&#8221;#FFFFFF&#8221; text_font_size=&#8221;24px&#8221; text_line_height=&#8221;1.4em&#8221; background_size=&#8221;initial&#8221; background_position=&#8221;top_left&#8221; background_repeat=&#8221;repeat&#8221; background_layout=&#8221;dark&#8221; max_width=&#8221;450px&#8221; custom_padding=&#8221;30px|||&#8221; animation_style=&#8221;slide&#8221; animation_direction=&#8221;top&#8221; animation_delay=&#8221;200ms&#8221; animation_intensity_slide=&#8221;10%&#8221; text_text_shadow_style=&#8221;preset5&#8243; locked=&#8221;off&#8221; global_colors_info=&#8221;{}&#8221;]<p>#naviodozez\u00e9<\/p>[\/et_pb_text][\/et_pb_column][et_pb_column type=&#8221;1_2&#8243; _builder_version=&#8221;4.16&#8243; background_position=&#8221;top_left&#8221; custom_padding=&#8221;|10%||10%&#8221; global_colors_info=&#8221;{}&#8221; custom_padding__hover=&#8221;|||&#8221;][\/et_pb_column][\/et_pb_row][\/et_pb_section][et_pb_section fb_built=&#8221;1&#8243; _builder_version=&#8221;4.16&#8243; _module_preset=&#8221;default&#8221; custom_padding=&#8221;18px|||||&#8221; global_colors_info=&#8221;{}&#8221;][et_pb_row _builder_version=&#8221;4.16&#8243; _module_preset=&#8221;default&#8221; global_colors_info=&#8221;{}&#8221;][et_pb_column type=&#8221;4_4&#8243; _builder_version=&#8221;4.16&#8243; _module_preset=&#8221;default&#8221; global_colors_info=&#8221;{}&#8221;][et_pb_text _builder_version=&#8221;4.22.1&#8243; _module_preset=&#8221;default&#8221; text_font=&#8221;Roboto||||||||&#8221; text_text_color=&#8221;#1a1a1a&#8221; text_font_size=&#8221;24px&#8221; text_line_height=&#8221;1.4em&#8221; global_colors_info=&#8221;{}&#8221;]<h2>Navio do Zez\u00e9 2026<\/h2>[\/et_pb_text][et_pb_text _builder_version=&#8221;4.16&#8243; _module_preset=&#8221;default&#8221; text_font=&#8221;Roboto||||||||&#8221; text_font_size=&#8221;16px&#8221; text_line_height=&#8221;1.9em&#8221; text_orientation=&#8221;justified&#8221; global_colors_info=&#8221;{}&#8221;]<p><span>Nosso \u00eddolo est\u00e1 preparando uma experi\u00eancia super especial com muita m\u00fasica, divers\u00e3o, charme e eleg\u00e2ncia, mais uma vez.<\/span><\/p>\n<p><span>O tem\u00e1tico Navio do Zez\u00e9 navegar\u00e1 rumo ao Oceano em busca do sol, da lua, das estrelas e, certamente, do para\u00edso, entre 11 e 14 de Janeiro de 2026. O embarque e desembarque acontecer\u00e1 no j\u00e1 tradicional Terminal de Passageiros do Porto de Santos (SP).<\/span><\/p>\n<p>A promo\u00e7\u00e3o do evento fica por conta da PromoA\u00e7\u00e3o, empresa que mudou a experi\u00eancia de navegar ao realizar os maiores cruzeiros tem\u00e1ticos do mundo, e n\u00f3s somos ag\u00eancia respons\u00e1vel por tornar esse sonho poss\u00edvel a voc\u00ea.<\/p>\n<p>Contudo, o evento Navio do Zez\u00e9 di Camargo ser\u00e1 novamente diferenciado. Isso porque outros grandes nomes da m\u00fasica brasileira v\u00e3o marcar presen\u00e7a no MSC Preziosa.<\/p>\n<p><span>Com shows incr\u00edveis a bordo, num palco gigantesco. J\u00e1 imaginou?<\/span><\/p>\n<p><span>Este cruzeiro sera\u0301 o verdadeiro mundo dos sonhos para os fa\u0303s mais apaixonados. As pessoas a bordo ira\u0303o se divertir com muitos shows, festas, convidados especiais e muitas surpresas.<\/span><\/p>\n<p><span><\/span><\/p>[\/et_pb_text][et_pb_text _builder_version=&#8221;4.16&#8243; _module_preset=&#8221;default&#8221; text_font=&#8221;Roboto||||||||&#8221; text_text_color=&#8221;#1a1a1a&#8221; text_font_size=&#8221;24px&#8221; text_line_height=&#8221;1.4em&#8221; global_colors_info=&#8221;{}&#8221;]<h3>Festas e Shows do Navio<\/h3>[\/et_pb_text][et_pb_text _builder_version=&#8221;4.16&#8243; _module_preset=&#8221;default&#8221; text_font=&#8221;Roboto||||||||&#8221; text_font_size=&#8221;16px&#8221; text_line_height=&#8221;1.9em&#8221; text_orientation=&#8221;justified&#8221; custom_padding=&#8221;|||3px||&#8221; global_colors_info=&#8221;{}&#8221;]<p>Assim, shows incr\u00edveis ser\u00e3o realizados com v\u00e1rios nomes que v\u00e3o abrilhantar noites e dias em alto mar. Al\u00e9m disso, podemos dizer: o cruzeiro tem\u00e1tico ter\u00e1 nada menos do que 72 horas de festas com uma programa\u00e7\u00e3o sem igual.\u00a0<\/p>\n<p>Por fim, al\u00e9m da rica programa\u00e7\u00e3o musical, o <strong>Navio do Zez\u00e9 <\/strong>vai oferecer divers\u00e3o garantida para todas as idades. Isso porque as op\u00e7\u00f5es v\u00e3o unir o \u00fatil ao agrad\u00e1vel com restaurantes tem\u00e1ticos, uma grande variedade de instala\u00e7\u00f5es esportivas, o que inclui quadras de t\u00eanis, basquete, mini golfe, academia e pista de corrida.<\/p>\n<p>A variada gastronomia e infraestrutura para divertidas brincadeiras e jogos no parque aqu\u00e1tico infantil t\u00eam como companhia o maior tobog\u00e3 aqu\u00e1tico dos mares. Ainda tem mais: o MSC Preziosa tem tamb\u00e9m um simulador de F\u00f3rmula 1 e um cinema 4D. Ou seja: n\u00e3o tem como duvidar que ser\u00e1 inesquec\u00edvel!<\/p>[\/et_pb_text][et_pb_text _builder_version=&#8221;4.22.1&#8243; _module_preset=&#8221;default&#8221; text_font=&#8221;Roboto||||||||&#8221; text_font_size=&#8221;16px&#8221; text_line_height=&#8221;1.9em&#8221; text_orientation=&#8221;justified&#8221; custom_padding=&#8221;||0px|||&#8221; global_colors_info=&#8221;{}&#8221;]<p><span>Quer saber mais? <\/span><span style=\"text-decoration: underline;\"><strong><a href=\"https:\/\/queronavegar.com.br\/naviodozeze\/atracoes\">Clique aqui para conferir as atra\u00e7\u00f5es do navio.<\/a><\/strong><\/span><\/p>[\/et_pb_text][\/et_pb_column][\/et_pb_row][et_pb_row disabled_on=&#8221;off|off|off&#8221; _builder_version=&#8221;4.16&#8243; _module_preset=&#8221;default&#8221; custom_padding=&#8221;||0px|||&#8221; locked=&#8221;off&#8221; global_colors_info=&#8221;{}&#8221;][et_pb_column type=&#8221;4_4&#8243; _builder_version=&#8221;4.16&#8243; _module_preset=&#8221;default&#8221; global_colors_info=&#8221;{}&#8221;][et_pb_text _builder_version=&#8221;4.18.0&#8243; _module_preset=&#8221;default&#8221; text_font=&#8221;Roboto||||||||&#8221; text_text_color=&#8221;#000000&#8243; text_font_size=&#8221;24px&#8221; text_line_height=&#8221;1.4em&#8221; header_font=&#8221;Oswald|||on|||||&#8221; header_font_size=&#8221;50px&#8221; text_orientation=&#8221;center&#8221; custom_margin=&#8221;||3px|||&#8221; locked=&#8221;off&#8221; global_colors_info=&#8221;{}&#8221;]<h3>Quer condi\u00e7\u00e3o especial?<\/h3>\n<h3><strong>Clique no Bot\u00e3o abaixo&#8230;<\/strong><\/h3>[\/et_pb_text][et_pb_image src=&#8221;https:\/\/queronavegar.com.br\/navioalexandrepires\/wp-content\/uploads\/sites\/76\/2023\/05\/bot-whatsapp-e1684955926683.png&#8221; title_text=&#8221;bot-whatsapp&#8221; url=&#8221;https:\/\/api.whatsapp.com\/send?phone=551128871316&#038;text=Ola%20Quero%20Navegar,%20Desejo%20informa%C3%A7%C3%B5es%20do%20Navio%20do%20Zez\u00e9%20di%20Camargo%202026&#8230;&#8221; url_new_window=&#8221;on&#8221; align=&#8221;center&#8221; _builder_version=&#8221;4.22.1&#8243; _module_preset=&#8221;default&#8221; custom_padding=&#8221;0px|||||&#8221; locked=&#8221;off&#8221; global_colors_info=&#8221;{}&#8221;][\/et_pb_image][et_pb_button button_url=&#8221;https:\/\/www.queronavegar.com.br\/naviodozeze\/cabines&#8221; button_text=&#8221;Cabines em Promo\u00e7\u00e3o&#8221; button_alignment=&#8221;center&#8221; _builder_version=&#8221;4.22.1&#8243; _module_preset=&#8221;default&#8221; custom_button=&#8221;on&#8221; button_text_size=&#8221;20px&#8221; button_text_color=&#8221;#FFFFFF&#8221; button_bg_color=&#8221;#E09900&#8243; button_border_width=&#8221;0px&#8221; custom_margin=&#8221;||64px|||&#8221; box_shadow_style=&#8221;preset2&#8243; box_shadow_color=&#8221;#000000&#8243; locked=&#8221;off&#8221; global_colors_info=&#8221;{}&#8221;][\/et_pb_button][\/et_pb_column][\/et_pb_row][et_pb_row _builder_version=&#8221;4.16&#8243; _module_preset=&#8221;default&#8221; custom_margin=&#8221;-24px|auto||auto||&#8221; global_colors_info=&#8221;{}&#8221;][et_pb_column type=&#8221;4_4&#8243; _builder_version=&#8221;4.16&#8243; _module_preset=&#8221;default&#8221; global_colors_info=&#8221;{}&#8221;][et_pb_text admin_label=&#8221;Title&#8221; _builder_version=&#8221;4.16&#8243; text_font=&#8221;||||&#8221; text_text_color=&#8221;#1a1a1a&#8221; header_font=&#8221;Oswald|on||on|&#8221; header_text_align=&#8221;left&#8221; header_font_size=&#8221;50px&#8221; header_line_height=&#8221;1.3em&#8221; max_width=&#8221;450px&#8221; custom_margin=&#8221;|||&#8221; custom_padding=&#8221;|||&#8221; animation_style=&#8221;slide&#8221; animation_direction=&#8221;top&#8221; animation_intensity_slide=&#8221;10%&#8221; locked=&#8221;off&#8221; global_colors_info=&#8221;{}&#8221;]<h1>o roteiro<\/h1>[\/et_pb_text][et_pb_text _builder_version=&#8221;4.16&#8243; _module_preset=&#8221;default&#8221; text_font=&#8221;Roboto||||||||&#8221; text_font_size=&#8221;16px&#8221; text_line_height=&#8221;1.9em&#8221; text_orientation=&#8221;justified&#8221; custom_padding=&#8221;|||3px||&#8221; locked=&#8221;off&#8221; global_colors_info=&#8221;{}&#8221;]<p>Como um palco gigantesco \u00e9 montado na \u00e1rea superior do navio, os shows acontecem na \u00e1rea externa do MSC Preziosa e n\u00e3o dentro do teatro, como muitos passageiros imaginam.\u00a0<\/p>\n<p>Isso torna esse tipo de navio uma viagem \u00fanica, sem experi\u00eancias parecidas.<\/p>\n<p><strong>O roteiro dos navios tem\u00e1ticos n\u00e3o s\u00e3o definidos antes do embarque<\/strong>, mas sim, definidos baseando-se em quest\u00f5es clim\u00e1ticas e podendo ser alterado a qualquer momento pelo comandante.<\/p>\n<p>Tudo isso para que o evento ocorra com perfei\u00e7\u00e3o e para que sua experi\u00eancia seja marcante e inesquec\u00edvel.<\/p>\n<p>Por se tratar de um cruzeiro de 3 noites, o navio faz a rota entre os estados de SP, RJ ou SC, podendo ter uma ou duas paradas.<\/p>\n<p>Curtiu?\u00a0<\/p>[\/et_pb_text][et_pb_button button_url=&#8221;https:\/\/www.queronavegar.com.br\/naviodozeze\/cabines&#8221; button_text=&#8221;Cabines em Promo\u00e7\u00e3o&#8221; button_alignment=&#8221;center&#8221; _builder_version=&#8221;4.22.1&#8243; _module_preset=&#8221;default&#8221; custom_button=&#8221;on&#8221; button_text_size=&#8221;20px&#8221; button_text_color=&#8221;#FFFFFF&#8221; button_bg_color=&#8221;#E09900&#8243; button_border_width=&#8221;0px&#8221; custom_margin=&#8221;||64px|||&#8221; box_shadow_style=&#8221;preset2&#8243; box_shadow_color=&#8221;#000000&#8243; locked=&#8221;off&#8221; global_colors_info=&#8221;{}&#8221;][\/et_pb_button][\/et_pb_column][\/et_pb_row][et_pb_row _builder_version=&#8221;4.16&#8243; _module_preset=&#8221;default&#8221; custom_padding=&#8221;||0px|||&#8221; global_colors_info=&#8221;{}&#8221;][et_pb_column type=&#8221;4_4&#8243; _builder_version=&#8221;4.16&#8243; _module_preset=&#8221;default&#8221; global_colors_info=&#8221;{}&#8221;][et_pb_image src=&#8221;https:\/\/queronavegar.com.br\/naviodozeze22\/wp-content\/uploads\/sites\/76\/2022\/03\/promo.png&#8221; title_text=&#8221;promo&#8221; align=&#8221;center&#8221; _builder_version=&#8221;4.16&#8243; _module_preset=&#8221;default&#8221; global_colors_info=&#8221;{}&#8221;][\/et_pb_image][\/et_pb_column][\/et_pb_row][\/et_pb_section][et_pb_section fb_built=&#8221;1&#8243; admin_label=&#8221;Hero&#8221; _builder_version=&#8221;4.22.1&#8243; background_image=&#8221;https:\/\/queronavegar.com.br\/navioalexandrepires\/wp-content\/uploads\/sites\/76\/2021\/12\/V2.jpg&#8221; custom_margin=&#8221;-17px|||||&#8221; custom_padding=&#8221;||||false|false&#8221; hover_enabled=&#8221;0&#8243; box_shadow_style=&#8221;preset3&#8243; collapsed=&#8221;on&#8221; global_colors_info=&#8221;{}&#8221; title_text=&#8221;V2&#8243; sticky_enabled=&#8221;0&#8243;][et_pb_row column_structure=&#8221;1_2,1_2&#8243; use_custom_gutter=&#8221;on&#8221; gutter_width=&#8221;1&#8243; _builder_version=&#8221;4.16&#8243; width=&#8221;100%&#8221; width_tablet=&#8221;100%&#8221; width_phone=&#8221;&#8221; width_last_edited=&#8221;on|desktop&#8221; max_width=&#8221;100%&#8221; max_width_tablet=&#8221;100%&#8221; max_width_phone=&#8221;&#8221; max_width_last_edited=&#8221;on|desktop&#8221; make_fullwidth=&#8221;on&#8221; global_colors_info=&#8221;{}&#8221;][et_pb_column type=&#8221;1_2&#8243; _builder_version=&#8221;4.16&#8243; background_position=&#8221;top_left&#8221; custom_padding=&#8221;|10%||10%|false|false&#8221; global_colors_info=&#8221;{}&#8221; custom_padding__hover=&#8221;|||&#8221;][et_pb_text admin_label=&#8221;Hero Title&#8221; _builder_version=&#8221;4.16&#8243; text_font=&#8221;||||&#8221; text_text_color=&#8221;#1a1a1a&#8221; header_font=&#8221;Oswald|on||on|&#8221; header_text_align=&#8221;left&#8221; header_font_size=&#8221;60px&#8221; header_line_height=&#8221;1.3em&#8221; background_layout=&#8221;dark&#8221; max_width=&#8221;450px&#8221; custom_margin=&#8221;|||&#8221; custom_padding=&#8221;|||&#8221; animation_style=&#8221;slide&#8221; animation_direction=&#8221;top&#8221; animation_intensity_slide=&#8221;10%&#8221; header_text_shadow_style=&#8221;preset5&#8243; locked=&#8221;off&#8221; global_colors_info=&#8221;{}&#8221;]<h1>VAI FICAR DE FORA ?<\/h1>[\/et_pb_text][et_pb_divider divider_position=&#8221;center&#8221; divider_weight=&#8221;3px&#8221; disabled_on=&#8221;on|on|off%22&#8243; _builder_version=&#8221;4.16&#8243; max_width=&#8221;150px&#8221; height=&#8221;false&#8221; custom_margin=&#8221;30px|||&#8221; animation_style=&#8221;slide&#8221; animation_direction=&#8221;top&#8221; animation_delay=&#8221;100ms&#8221; animation_intensity_slide=&#8221;10%&#8221; locked=&#8221;off&#8221; global_colors_info=&#8221;{}&#8221;][\/et_pb_divider][et_pb_text admin_label=&#8221;Hero Sub Title&#8221; _builder_version=&#8221;4.16&#8243; text_font=&#8221;Roboto||||&#8221; text_text_color=&#8221;#FFFFFF&#8221; text_font_size=&#8221;24px&#8221; text_line_height=&#8221;1.4em&#8221; background_size=&#8221;initial&#8221; background_position=&#8221;top_left&#8221; background_repeat=&#8221;repeat&#8221; background_layout=&#8221;dark&#8221; max_width=&#8221;450px&#8221; custom_padding=&#8221;30px|||&#8221; animation_style=&#8221;slide&#8221; animation_direction=&#8221;top&#8221; animation_delay=&#8221;200ms&#8221; animation_intensity_slide=&#8221;10%&#8221; text_text_shadow_style=&#8221;preset5&#8243; locked=&#8221;off&#8221; global_colors_info=&#8221;{}&#8221;]<p>#naviodozeze<\/p>[\/et_pb_text][\/et_pb_column][et_pb_column type=&#8221;1_2&#8243; _builder_version=&#8221;4.16&#8243; background_position=&#8221;top_left&#8221; custom_padding=&#8221;|10%||10%&#8221; global_colors_info=&#8221;{}&#8221; custom_padding__hover=&#8221;|||&#8221;][\/et_pb_column][\/et_pb_row][\/et_pb_section]\n","protected":false},"excerpt":{"rendered":"<p>O Evento#naviodozez\u00e9Navio do Zez\u00e9 2026Nosso \u00eddolo est\u00e1 preparando uma experi\u00eancia super especial com muita m\u00fasica, divers\u00e3o, charme e eleg\u00e2ncia, mais uma vez. O tem\u00e1tico Navio do Zez\u00e9 navegar\u00e1 rumo ao Oceano em busca do sol, da lua, das estrelas e, certamente, do para\u00edso, entre 11 e 14 de Janeiro de 2026. O embarque e desembarque [&hellip;]<\/p>\n","protected":false},"author":1,"featured_media":0,"parent":0,"menu_order":0,"comment_status":"closed","ping_status":"closed","template":"","meta":{"_et_pb_use_builder":"on","_et_pb_old_content":"","_et_gb_content_width":"","_joinchat":[],"footnotes":""},"class_list":["post-2866","page","type-page","status-publish","hentry"],"yoast_head":"<!-- This site is optimized with the Yoast SEO Premium plugin v25.3.1 (Yoast SEO v25.3.1) - https:\/\/yoast.com\/wordpress\/plugins\/seo\/ -->\n<title>O Evento - Navio do Zez\u00e9 2026 - ANTIGO basear<\/title>\n<meta name=\"robots\" content=\"index, follow, max-snippet:-1, max-image-preview:large, max-video-preview:-1\" \/>\n<link rel=\"canonical\" href=\"https:\/\/queronavegar.com.br\/naviodozezeantigobaseeee\/evento\/\" \/>\n<meta property=\"og:locale\" content=\"pt_BR\" \/>\n<meta property=\"og:type\" content=\"article\" \/>\n<meta property=\"og:title\" content=\"O Evento\" \/>\n<meta property=\"og:description\" content=\"O Evento#naviodozez\u00e9Navio do Zez\u00e9 2026Nosso \u00eddolo est\u00e1 preparando uma experi\u00eancia super especial com muita m\u00fasica, divers\u00e3o, charme e eleg\u00e2ncia, mais uma vez. O tem\u00e1tico Navio do Zez\u00e9 navegar\u00e1 rumo ao Oceano em busca do sol, da lua, das estrelas e, certamente, do para\u00edso, entre 11 e 14 de Janeiro de 2026. O embarque e desembarque [&hellip;]\" \/>\n<meta property=\"og:url\" content=\"https:\/\/queronavegar.com.br\/naviodozezeantigobaseeee\/evento\/\" \/>\n<meta property=\"og:site_name\" content=\"Navio do Zez\u00e9 2026 - ANTIGO basear\" \/>\n<meta property=\"article:modified_time\" content=\"2025-05-26T22:02:13+00:00\" \/>\n<meta name=\"twitter:card\" content=\"summary_large_image\" \/>\n<meta name=\"twitter:label1\" content=\"Est. tempo de leitura\" \/>\n\t<meta name=\"twitter:data1\" content=\"4 minutos\" \/>\n<script type=\"application\/ld+json\" class=\"yoast-schema-graph\">{\"@context\":\"https:\/\/schema.org\",\"@graph\":[{\"@type\":\"WebPage\",\"@id\":\"https:\/\/queronavegar.com.br\/naviodozezeantigobaseeee\/evento\/\",\"url\":\"https:\/\/queronavegar.com.br\/naviodozezeantigobaseeee\/evento\/\",\"name\":\"O Evento - Navio do Zez\u00e9 2026 - ANTIGO basear\",\"isPartOf\":{\"@id\":\"https:\/\/queronavegar.com.br\/naviodozezeantigobaseeee\/#website\"},\"datePublished\":\"2021-06-19T21:24:59+00:00\",\"dateModified\":\"2025-05-26T22:02:13+00:00\",\"breadcrumb\":{\"@id\":\"https:\/\/queronavegar.com.br\/naviodozezeantigobaseeee\/evento\/#breadcrumb\"},\"inLanguage\":\"pt-BR\",\"potentialAction\":[{\"@type\":\"ReadAction\",\"target\":[\"https:\/\/queronavegar.com.br\/naviodozezeantigobaseeee\/evento\/\"]}]},{\"@type\":\"BreadcrumbList\",\"@id\":\"https:\/\/queronavegar.com.br\/naviodozezeantigobaseeee\/evento\/#breadcrumb\",\"itemListElement\":[{\"@type\":\"ListItem\",\"position\":1,\"name\":\"In\u00edcio\",\"item\":\"https:\/\/queronavegar.com.br\/naviodozezeantigobaseeee\/\"},{\"@type\":\"ListItem\",\"position\":2,\"name\":\"O Evento\"}]},{\"@type\":\"WebSite\",\"@id\":\"https:\/\/queronavegar.com.br\/naviodozezeantigobaseeee\/#website\",\"url\":\"https:\/\/queronavegar.com.br\/naviodozezeantigobaseeee\/\",\"name\":\"Navio do Zez\u00e9 2026 - ANTIGO basear\",\"description\":\"S\u00f3 mais um site QueroNavegar\",\"potentialAction\":[{\"@type\":\"SearchAction\",\"target\":{\"@type\":\"EntryPoint\",\"urlTemplate\":\"https:\/\/queronavegar.com.br\/naviodozezeantigobaseeee\/?s={search_term_string}\"},\"query-input\":{\"@type\":\"PropertyValueSpecification\",\"valueRequired\":true,\"valueName\":\"search_term_string\"}}],\"inLanguage\":\"pt-BR\"}]}<\/script>\n<!-- \/ Yoast SEO Premium plugin. -->","yoast_head_json":{"title":"O Evento - Navio do Zez\u00e9 2026 - ANTIGO basear","robots":{"index":"index","follow":"follow","max-snippet":"max-snippet:-1","max-image-preview":"max-image-preview:large","max-video-preview":"max-video-preview:-1"},"canonical":"https:\/\/queronavegar.com.br\/naviodozezeantigobaseeee\/evento\/","og_locale":"pt_BR","og_type":"article","og_title":"O Evento","og_description":"O Evento#naviodozez\u00e9Navio do Zez\u00e9 2026Nosso \u00eddolo est\u00e1 preparando uma experi\u00eancia super especial com muita m\u00fasica, divers\u00e3o, charme e eleg\u00e2ncia, mais uma vez. O tem\u00e1tico Navio do Zez\u00e9 navegar\u00e1 rumo ao Oceano em busca do sol, da lua, das estrelas e, certamente, do para\u00edso, entre 11 e 14 de Janeiro de 2026. O embarque e desembarque [&hellip;]","og_url":"https:\/\/queronavegar.com.br\/naviodozezeantigobaseeee\/evento\/","og_site_name":"Navio do Zez\u00e9 2026 - ANTIGO basear","article_modified_time":"2025-05-26T22:02:13+00:00","twitter_card":"summary_large_image","twitter_misc":{"Est. tempo de leitura":"4 minutos"},"schema":{"@context":"https:\/\/schema.org","@graph":[{"@type":"WebPage","@id":"https:\/\/queronavegar.com.br\/naviodozezeantigobaseeee\/evento\/","url":"https:\/\/queronavegar.com.br\/naviodozezeantigobaseeee\/evento\/","name":"O Evento - Navio do Zez\u00e9 2026 - ANTIGO basear","isPartOf":{"@id":"https:\/\/queronavegar.com.br\/naviodozezeantigobaseeee\/#website"},"datePublished":"2021-06-19T21:24:59+00:00","dateModified":"2025-05-26T22:02:13+00:00","breadcrumb":{"@id":"https:\/\/queronavegar.com.br\/naviodozezeantigobaseeee\/evento\/#breadcrumb"},"inLanguage":"pt-BR","potentialAction":[{"@type":"ReadAction","target":["https:\/\/queronavegar.com.br\/naviodozezeantigobaseeee\/evento\/"]}]},{"@type":"BreadcrumbList","@id":"https:\/\/queronavegar.com.br\/naviodozezeantigobaseeee\/evento\/#breadcrumb","itemListElement":[{"@type":"ListItem","position":1,"name":"In\u00edcio","item":"https:\/\/queronavegar.com.br\/naviodozezeantigobaseeee\/"},{"@type":"ListItem","position":2,"name":"O Evento"}]},{"@type":"WebSite","@id":"https:\/\/queronavegar.com.br\/naviodozezeantigobaseeee\/#website","url":"https:\/\/queronavegar.com.br\/naviodozezeantigobaseeee\/","name":"Navio do Zez\u00e9 2026 - ANTIGO basear","description":"S\u00f3 mais um site QueroNavegar","potentialAction":[{"@type":"SearchAction","target":{"@type":"EntryPoint","urlTemplate":"https:\/\/queronavegar.com.br\/naviodozezeantigobaseeee\/?s={search_term_string}"},"query-input":{"@type":"PropertyValueSpecification","valueRequired":true,"valueName":"search_term_string"}}],"inLanguage":"pt-BR"}]}},"_links":{"self":[{"href":"https:\/\/queronavegar.com.br\/naviodozezeantigobaseeee\/wp-json\/wp\/v2\/pages\/2866","targetHints":{"allow":["GET"]}}],"collection":[{"href":"https:\/\/queronavegar.com.br\/naviodozezeantigobaseeee\/wp-json\/wp\/v2\/pages"}],"about":[{"href":"https:\/\/queronavegar.com.br\/naviodozezeantigobaseeee\/wp-json\/wp\/v2\/types\/page"}],"author":[{"embeddable":true,"href":"https:\/\/queronavegar.com.br\/naviodozezeantigobaseeee\/wp-json\/wp\/v2\/users\/1"}],"replies":[{"embeddable":true,"href":"https:\/\/queronavegar.com.br\/naviodozezeantigobaseeee\/wp-json\/wp\/v2\/comments?post=2866"}],"version-history":[{"count":26,"href":"https:\/\/queronavegar.com.br\/naviodozezeantigobaseeee\/wp-json\/wp\/v2\/pages\/2866\/revisions"}],"predecessor-version":[{"id":4424,"href":"https:\/\/queronavegar.com.br\/naviodozezeantigobaseeee\/wp-json\/wp\/v2\/pages\/2866\/revisions\/4424"}],"wp:attachment":[{"href":"https:\/\/queronavegar.com.br\/naviodozezeantigobaseeee\/wp-json\/wp\/v2\/media?parent=2866"}],"curies":[{"name":"wp","href":"https:\/\/api.w.org\/{rel}","templated":true}]}}