{"id":4126,"date":"2024-09-25T00:36:30","date_gmt":"2024-09-25T03:36:30","guid":{"rendered":"https:\/\/queronavegar.com.br\/naviodozeze22\/?page_id=4126"},"modified":"2025-05-26T19:01:36","modified_gmt":"2025-05-26T22:01:36","slug":"comprar","status":"publish","type":"page","link":"https:\/\/queronavegar.com.br\/naviodozezeantigobaseeee\/comprar\/","title":{"rendered":"Comprar"},"content":{"rendered":"\n\n[et_pb_section fb_built=&#8221;1&#8243; admin_label=&#8221;Hero&#8221; _builder_version=&#8221;4.22.1&#8243; background_image=&#8221;https:\/\/queronavegar.com.br\/navioalexandrepires\/wp-content\/uploads\/sites\/76\/2024\/11\/bg01-3.jpg&#8221; custom_padding=&#8221;||0px||false|false&#8221; hover_enabled=&#8221;0&#8243; background_last_edited=&#8221;on|desktop&#8221; box_shadow_style=&#8221;preset3&#8243; collapsed=&#8221;on&#8221; global_colors_info=&#8221;{}&#8221; background__hover_enabled=&#8221;on|desktop&#8221; title_text=&#8221;bg01 (3)&#8221; sticky_enabled=&#8221;0&#8243; disabled_on=&#8221;on|off|off&#8221;][et_pb_row column_structure=&#8221;1_2,1_2&#8243; use_custom_gutter=&#8221;on&#8221; gutter_width=&#8221;1&#8243; _builder_version=&#8221;4.16&#8243; width=&#8221;100%&#8221; width_tablet=&#8221;100%&#8221; width_phone=&#8221;&#8221; width_last_edited=&#8221;on|desktop&#8221; max_width=&#8221;100%&#8221; max_width_tablet=&#8221;100%&#8221; max_width_phone=&#8221;&#8221; max_width_last_edited=&#8221;on|desktop&#8221; custom_padding=&#8221;||394px|||&#8221; make_fullwidth=&#8221;on&#8221; global_colors_info=&#8221;{}&#8221;][et_pb_column type=&#8221;1_2&#8243; _builder_version=&#8221;4.16&#8243; background_position=&#8221;top_left&#8221; custom_padding=&#8221;|10%||10%|false|false&#8221; global_colors_info=&#8221;{}&#8221; custom_padding__hover=&#8221;|||&#8221;][\/et_pb_column][et_pb_column type=&#8221;1_2&#8243; _builder_version=&#8221;4.16&#8243; background_position=&#8221;top_left&#8221; custom_padding=&#8221;|10%||10%&#8221; global_colors_info=&#8221;{}&#8221; custom_padding__hover=&#8221;|||&#8221;][et_pb_text disabled_on=&#8221;off|off|off&#8221; admin_label=&#8221;Hero Title&#8221; _builder_version=&#8221;4.22.1&#8243; text_font=&#8221;||||&#8221; text_text_color=&#8221;#1a1a1a&#8221; header_font=&#8221;Oswald|on||on|&#8221; header_text_align=&#8221;left&#8221; header_font_size=&#8221;60px&#8221; header_line_height=&#8221;1.3em&#8221; background_layout=&#8221;dark&#8221; max_width=&#8221;450px&#8221; custom_margin=&#8221;|||&#8221; custom_padding=&#8221;|||&#8221; animation_style=&#8221;slide&#8221; animation_direction=&#8221;top&#8221; animation_intensity_slide=&#8221;10%&#8221; hover_enabled=&#8221;0&#8243; text_text_shadow_style=&#8221;preset3&#8243; header_text_shadow_style=&#8221;preset5&#8243; locked=&#8221;off&#8221; global_colors_info=&#8221;{}&#8221; sticky_enabled=&#8221;0&#8243;]<h1 style=\"text-align: left;\">COMPRA ON LINE<\/h1>[\/et_pb_text][et_pb_text disabled_on=&#8221;off|off|off&#8221; admin_label=&#8221;Hero Sub Title&#8221; _builder_version=&#8221;4.22.1&#8243; text_font=&#8221;Roboto||||&#8221; text_text_color=&#8221;#FFFFFF&#8221; text_font_size=&#8221;24px&#8221; text_line_height=&#8221;1.4em&#8221; background_size=&#8221;initial&#8221; background_position=&#8221;top_left&#8221; background_repeat=&#8221;repeat&#8221; background_layout=&#8221;dark&#8221; max_width=&#8221;450px&#8221; custom_padding=&#8221;30px||0px|||&#8221; animation_style=&#8221;slide&#8221; animation_direction=&#8221;top&#8221; animation_delay=&#8221;200ms&#8221; animation_intensity_slide=&#8221;10%&#8221; text_text_shadow_style=&#8221;preset5&#8243; locked=&#8221;off&#8221; global_colors_info=&#8221;{}&#8221;]<p><span style=\"font-size: large; color: #edf000;\">Em at\u00e9 12X sem juros<\/span><\/p>[\/et_pb_text][\/et_pb_column][\/et_pb_row][\/et_pb_section][et_pb_section fb_built=&#8221;1&#8243; admin_label=&#8221;Hero&#8221; _builder_version=&#8221;4.22.1&#8243; background_image=&#8221;https:\/\/queronavegar.com.br\/navioalexandrepires\/wp-content\/uploads\/sites\/76\/2024\/11\/bg01-3.jpg&#8221; custom_padding=&#8221;||0px||false|false&#8221; hover_enabled=&#8221;0&#8243; background_last_edited=&#8221;on|desktop&#8221; box_shadow_style=&#8221;preset3&#8243; collapsed=&#8221;on&#8221; global_colors_info=&#8221;{}&#8221; background__hover_enabled=&#8221;on|desktop&#8221; title_text=&#8221;bg01 (3)&#8221; sticky_enabled=&#8221;0&#8243; disabled_on=&#8221;off|on|on&#8221;][et_pb_row column_structure=&#8221;1_2,1_2&#8243; use_custom_gutter=&#8221;on&#8221; gutter_width=&#8221;1&#8243; _builder_version=&#8221;4.16&#8243; width=&#8221;100%&#8221; width_tablet=&#8221;100%&#8221; width_phone=&#8221;&#8221; width_last_edited=&#8221;on|desktop&#8221; max_width=&#8221;100%&#8221; max_width_tablet=&#8221;100%&#8221; max_width_phone=&#8221;&#8221; max_width_last_edited=&#8221;on|desktop&#8221; custom_padding=&#8221;||56px|||&#8221; make_fullwidth=&#8221;on&#8221; global_colors_info=&#8221;{}&#8221;][et_pb_column type=&#8221;1_2&#8243; _builder_version=&#8221;4.16&#8243; background_position=&#8221;top_left&#8221; custom_padding=&#8221;|10%||10%|false|false&#8221; global_colors_info=&#8221;{}&#8221; custom_padding__hover=&#8221;|||&#8221;][\/et_pb_column][et_pb_column type=&#8221;1_2&#8243; _builder_version=&#8221;4.16&#8243; background_position=&#8221;top_left&#8221; custom_padding=&#8221;|10%||10%&#8221; global_colors_info=&#8221;{}&#8221; custom_padding__hover=&#8221;|||&#8221;][et_pb_text disabled_on=&#8221;off|off|off&#8221; admin_label=&#8221;Hero Sub Title&#8221; _builder_version=&#8221;4.22.1&#8243; text_font=&#8221;Roboto||||&#8221; text_text_color=&#8221;#FFFFFF&#8221; text_font_size=&#8221;24px&#8221; text_line_height=&#8221;1.4em&#8221; background_size=&#8221;initial&#8221; background_position=&#8221;top_left&#8221; background_repeat=&#8221;repeat&#8221; background_layout=&#8221;dark&#8221; max_width=&#8221;450px&#8221; custom_padding=&#8221;104px||0px|||&#8221; animation_style=&#8221;slide&#8221; animation_direction=&#8221;top&#8221; animation_delay=&#8221;200ms&#8221; animation_intensity_slide=&#8221;10%&#8221; text_text_shadow_style=&#8221;preset5&#8243; locked=&#8221;off&#8221; global_colors_info=&#8221;{}&#8221;]<p><span style=\"font-size: large; color: #edf000;\">Em at\u00e9 12X sem juros<\/span><\/p>[\/et_pb_text][et_pb_text disabled_on=&#8221;off|off|off&#8221; admin_label=&#8221;Hero Title&#8221; _builder_version=&#8221;4.22.1&#8243; text_font=&#8221;||||&#8221; text_text_color=&#8221;#1a1a1a&#8221; header_font=&#8221;Oswald|on||on|&#8221; header_text_align=&#8221;left&#8221; header_font_size=&#8221;60px&#8221; header_line_height=&#8221;1.3em&#8221; background_layout=&#8221;dark&#8221; max_width=&#8221;450px&#8221; custom_margin=&#8221;|||&#8221; custom_padding=&#8221;54px|||||&#8221; animation_style=&#8221;slide&#8221; animation_direction=&#8221;top&#8221; animation_intensity_slide=&#8221;10%&#8221; hover_enabled=&#8221;0&#8243; text_text_shadow_style=&#8221;preset3&#8243; header_text_shadow_style=&#8221;preset5&#8243; locked=&#8221;off&#8221; global_colors_info=&#8221;{}&#8221; sticky_enabled=&#8221;0&#8243;]<h1 style=\"text-align: left;\">COMPRA ON LINE<\/h1>[\/et_pb_text][\/et_pb_column][\/et_pb_row][\/et_pb_section][et_pb_section fb_built=&#8221;1&#8243; disabled_on=&#8221;off|off|off&#8221; _builder_version=&#8221;4.22.1&#8243; _module_preset=&#8221;default&#8221; background_color=&#8221;#FFFFFF&#8221; custom_padding=&#8221;15px||5px|||&#8221; hover_enabled=&#8221;0&#8243; global_colors_info=&#8221;{}&#8221; locked=&#8221;off&#8221; sticky_enabled=&#8221;0&#8243;][et_pb_row _builder_version=&#8221;4.22.1&#8243; _module_preset=&#8221;default&#8221; global_colors_info=&#8221;{}&#8221;][et_pb_column type=&#8221;4_4&#8243; _builder_version=&#8221;4.22.1&#8243; _module_preset=&#8221;default&#8221; global_colors_info=&#8221;{}&#8221;][et_pb_image src=&#8221;https:\/\/queronavegar.com.br\/navioalexandrepires\/wp-content\/uploads\/sites\/76\/2024\/11\/logoZz26.png&#8221; title_text=&#8221;logoZz26&#8243; align=&#8221;center&#8221; _builder_version=&#8221;4.22.1&#8243; _module_preset=&#8221;default&#8221; hover_enabled=&#8221;0&#8243; global_colors_info=&#8221;{}&#8221; sticky_enabled=&#8221;0&#8243;][\/et_pb_image][\/et_pb_column][\/et_pb_row][\/et_pb_section][et_pb_section fb_built=&#8221;1&#8243; _builder_version=&#8221;4.16&#8243; _module_preset=&#8221;default&#8221; custom_padding=&#8221;10px||0px||false|false&#8221; global_colors_info=&#8221;{}&#8221;][et_pb_row _builder_version=&#8221;4.16&#8243; _module_preset=&#8221;default&#8221; border_width_top=&#8221;1px&#8221; border_width_bottom=&#8221;1px&#8221; locked=&#8221;off&#8221; global_colors_info=&#8221;{}&#8221;][et_pb_column type=&#8221;4_4&#8243; _builder_version=&#8221;4.16&#8243; _module_preset=&#8221;default&#8221; global_colors_info=&#8221;{}&#8221;][et_pb_text _builder_version=&#8221;4.16&#8243; _module_preset=&#8221;default&#8221; global_colors_info=&#8221;{}&#8221;]<p style=\"text-align: center;\">Para acessar sua compra ON LINE em ambiente 100% seguro, selecione o n\u00famero de passageiros que ir\u00e3o na cabine.<\/p>\n<p style=\"text-align: center;\"><span style=\"font-size: large;\"><strong>Clique em um dos bot\u00f5es abaixo&#8230;<\/strong><\/span><\/p>[\/et_pb_text][et_pb_button button_url=&#8221;https:\/\/www.queronavegar.com.br\/valores\/zeze\/1pessoa&#8221; url_new_window=&#8221;on&#8221; button_text=&#8221;1 Passageiro (Single)&#8221; button_alignment=&#8221;center&#8221; _builder_version=&#8221;4.22.1&#8243; _module_preset=&#8221;default&#8221; custom_button=&#8221;on&#8221; button_text_size=&#8221;20px&#8221; button_text_color=&#8221;#FFFFFF&#8221; button_bg_color=&#8221;#E09900&#8243; button_border_width=&#8221;0px&#8221; custom_margin=&#8221;||48px|||&#8221; hover_enabled=&#8221;0&#8243; box_shadow_style=&#8221;preset2&#8243; box_shadow_color=&#8221;#000000&#8243; locked=&#8221;off&#8221; global_colors_info=&#8221;{}&#8221; sticky_enabled=&#8221;0&#8243;][\/et_pb_button][et_pb_button button_url=&#8221;https:\/\/www.queronavegar.com.br\/valores\/zeze\/2pessoas&#8221; url_new_window=&#8221;on&#8221; button_text=&#8221;2 Passageiros (Dupla)&#8221; button_alignment=&#8221;center&#8221; _builder_version=&#8221;4.22.1&#8243; _module_preset=&#8221;default&#8221; custom_button=&#8221;on&#8221; button_text_size=&#8221;20px&#8221; button_text_color=&#8221;#FFFFFF&#8221; button_bg_color=&#8221;#E09900&#8243; button_border_width=&#8221;0px&#8221; custom_margin=&#8221;||48px|||&#8221; hover_enabled=&#8221;0&#8243; box_shadow_style=&#8221;preset2&#8243; box_shadow_color=&#8221;#000000&#8243; locked=&#8221;off&#8221; global_colors_info=&#8221;{}&#8221; sticky_enabled=&#8221;0&#8243;][\/et_pb_button][et_pb_button button_url=&#8221;https:\/\/www.queronavegar.com.br\/valores\/zeze\/3pessoas&#8221; url_new_window=&#8221;on&#8221; button_text=&#8221;3 Passageiros (Tripla)&#8221; button_alignment=&#8221;center&#8221; _builder_version=&#8221;4.22.1&#8243; _module_preset=&#8221;default&#8221; custom_button=&#8221;on&#8221; button_text_size=&#8221;20px&#8221; button_text_color=&#8221;#FFFFFF&#8221; button_bg_color=&#8221;#E09900&#8243; button_border_width=&#8221;0px&#8221; custom_margin=&#8221;||48px|||&#8221; hover_enabled=&#8221;0&#8243; box_shadow_style=&#8221;preset2&#8243; box_shadow_color=&#8221;#000000&#8243; locked=&#8221;off&#8221; global_colors_info=&#8221;{}&#8221; sticky_enabled=&#8221;0&#8243;][\/et_pb_button][et_pb_button button_url=&#8221;https:\/\/www.queronavegar.com.br\/valores\/zeze\/4pessoas&#8221; url_new_window=&#8221;on&#8221; button_text=&#8221;4 Passageiros (Qu\u00e1drupla)&#8221; button_alignment=&#8221;center&#8221; _builder_version=&#8221;4.22.1&#8243; _module_preset=&#8221;default&#8221; custom_button=&#8221;on&#8221; button_text_size=&#8221;20px&#8221; button_text_color=&#8221;#FFFFFF&#8221; button_bg_color=&#8221;#E09900&#8243; button_border_width=&#8221;0px&#8221; custom_margin=&#8221;||48px|||&#8221; hover_enabled=&#8221;0&#8243; box_shadow_style=&#8221;preset2&#8243; box_shadow_color=&#8221;#000000&#8243; locked=&#8221;off&#8221; global_colors_info=&#8221;{}&#8221; sticky_enabled=&#8221;0&#8243;][\/et_pb_button][et_pb_text _builder_version=&#8221;4.16&#8243; _module_preset=&#8221;default&#8221; global_colors_info=&#8221;{}&#8221;]<p style=\"text-align: center;\">Nos vemos a bordo&#8230;<\/p>[\/et_pb_text][\/et_pb_column][\/et_pb_row][\/et_pb_section][et_pb_section fb_built=&#8221;1&#8243; disabled_on=&#8221;on|on|on&#8221; _builder_version=&#8221;4.22.1&#8243; _module_preset=&#8221;default&#8221; background_image=&#8221;https:\/\/queronavegar.com.br\/navioalexandrepires\/wp-content\/uploads\/sites\/76\/2024\/09\/RN-ULTIMAS-LOTE.jpg&#8221; custom_padding=&#8221;0px||0px|||&#8221; disabled=&#8221;on&#8221; global_colors_info=&#8221;{}&#8221;][\/et_pb_section]\n\n","protected":false},"excerpt":{"rendered":"<p>COMPRA ON LINEEm at\u00e9 12X sem jurosEm at\u00e9 12X sem jurosCOMPRA ON LINEPara acessar sua compra ON LINE em ambiente 100% seguro, selecione o n\u00famero de passageiros que ir\u00e3o na cabine. Clique em um dos bot\u00f5es abaixo&#8230;Nos vemos a bordo&#8230;<\/p>\n","protected":false},"author":1,"featured_media":0,"parent":0,"menu_order":0,"comment_status":"closed","ping_status":"closed","template":"","meta":{"_et_pb_use_builder":"on","_et_pb_old_content":"","_et_gb_content_width":"","_joinchat":[],"footnotes":""},"class_list":["post-4126","page","type-page","status-publish","hentry"],"yoast_head":"<!-- This site is optimized with the Yoast SEO Premium plugin v25.3.1 (Yoast SEO v25.3.1) - https:\/\/yoast.com\/wordpress\/plugins\/seo\/ -->\n<title>Comprar - Navio do Zez\u00e9 2026 - ANTIGO basear<\/title>\n<meta name=\"robots\" content=\"index, follow, max-snippet:-1, max-image-preview:large, max-video-preview:-1\" \/>\n<link rel=\"canonical\" href=\"https:\/\/queronavegar.com.br\/naviodozezeantigobaseeee\/comprar\/\" \/>\n<meta property=\"og:locale\" content=\"pt_BR\" \/>\n<meta property=\"og:type\" content=\"article\" \/>\n<meta property=\"og:title\" content=\"Comprar\" \/>\n<meta property=\"og:description\" content=\"COMPRA ON LINEEm at\u00e9 12X sem jurosEm at\u00e9 12X sem jurosCOMPRA ON LINEPara acessar sua compra ON LINE em ambiente 100% seguro, selecione o n\u00famero de passageiros que ir\u00e3o na cabine. Clique em um dos bot\u00f5es abaixo...Nos vemos a bordo...\" \/>\n<meta property=\"og:url\" content=\"https:\/\/queronavegar.com.br\/naviodozezeantigobaseeee\/comprar\/\" \/>\n<meta property=\"og:site_name\" content=\"Navio do Zez\u00e9 2026 - ANTIGO basear\" \/>\n<meta property=\"article:modified_time\" content=\"2025-05-26T22:01:36+00:00\" \/>\n<meta name=\"twitter:card\" content=\"summary_large_image\" \/>\n<meta name=\"twitter:label1\" content=\"Est. tempo de leitura\" \/>\n\t<meta name=\"twitter:data1\" content=\"1 minuto\" \/>\n<script type=\"application\/ld+json\" class=\"yoast-schema-graph\">{\"@context\":\"https:\/\/schema.org\",\"@graph\":[{\"@type\":\"WebPage\",\"@id\":\"https:\/\/queronavegar.com.br\/naviodozezeantigobaseeee\/comprar\/\",\"url\":\"https:\/\/queronavegar.com.br\/naviodozezeantigobaseeee\/comprar\/\",\"name\":\"Comprar - Navio do Zez\u00e9 2026 - ANTIGO basear\",\"isPartOf\":{\"@id\":\"https:\/\/queronavegar.com.br\/naviodozezeantigobaseeee\/#website\"},\"datePublished\":\"2024-09-25T03:36:30+00:00\",\"dateModified\":\"2025-05-26T22:01:36+00:00\",\"breadcrumb\":{\"@id\":\"https:\/\/queronavegar.com.br\/naviodozezeantigobaseeee\/comprar\/#breadcrumb\"},\"inLanguage\":\"pt-BR\",\"potentialAction\":[{\"@type\":\"ReadAction\",\"target\":[\"https:\/\/queronavegar.com.br\/naviodozezeantigobaseeee\/comprar\/\"]}]},{\"@type\":\"BreadcrumbList\",\"@id\":\"https:\/\/queronavegar.com.br\/naviodozezeantigobaseeee\/comprar\/#breadcrumb\",\"itemListElement\":[{\"@type\":\"ListItem\",\"position\":1,\"name\":\"In\u00edcio\",\"item\":\"https:\/\/queronavegar.com.br\/naviodozezeantigobaseeee\/\"},{\"@type\":\"ListItem\",\"position\":2,\"name\":\"Comprar\"}]},{\"@type\":\"WebSite\",\"@id\":\"https:\/\/queronavegar.com.br\/naviodozezeantigobaseeee\/#website\",\"url\":\"https:\/\/queronavegar.com.br\/naviodozezeantigobaseeee\/\",\"name\":\"Navio do Zez\u00e9 2026 - ANTIGO basear\",\"description\":\"S\u00f3 mais um site QueroNavegar\",\"potentialAction\":[{\"@type\":\"SearchAction\",\"target\":{\"@type\":\"EntryPoint\",\"urlTemplate\":\"https:\/\/queronavegar.com.br\/naviodozezeantigobaseeee\/?s={search_term_string}\"},\"query-input\":{\"@type\":\"PropertyValueSpecification\",\"valueRequired\":true,\"valueName\":\"search_term_string\"}}],\"inLanguage\":\"pt-BR\"}]}<\/script>\n<!-- \/ Yoast SEO Premium plugin. -->","yoast_head_json":{"title":"Comprar - Navio do Zez\u00e9 2026 - ANTIGO basear","robots":{"index":"index","follow":"follow","max-snippet":"max-snippet:-1","max-image-preview":"max-image-preview:large","max-video-preview":"max-video-preview:-1"},"canonical":"https:\/\/queronavegar.com.br\/naviodozezeantigobaseeee\/comprar\/","og_locale":"pt_BR","og_type":"article","og_title":"Comprar","og_description":"COMPRA ON LINEEm at\u00e9 12X sem jurosEm at\u00e9 12X sem jurosCOMPRA ON LINEPara acessar sua compra ON LINE em ambiente 100% seguro, selecione o n\u00famero de passageiros que ir\u00e3o na cabine. Clique em um dos bot\u00f5es abaixo...Nos vemos a bordo...","og_url":"https:\/\/queronavegar.com.br\/naviodozezeantigobaseeee\/comprar\/","og_site_name":"Navio do Zez\u00e9 2026 - ANTIGO basear","article_modified_time":"2025-05-26T22:01:36+00:00","twitter_card":"summary_large_image","twitter_misc":{"Est. tempo de leitura":"1 minuto"},"schema":{"@context":"https:\/\/schema.org","@graph":[{"@type":"WebPage","@id":"https:\/\/queronavegar.com.br\/naviodozezeantigobaseeee\/comprar\/","url":"https:\/\/queronavegar.com.br\/naviodozezeantigobaseeee\/comprar\/","name":"Comprar - Navio do Zez\u00e9 2026 - ANTIGO basear","isPartOf":{"@id":"https:\/\/queronavegar.com.br\/naviodozezeantigobaseeee\/#website"},"datePublished":"2024-09-25T03:36:30+00:00","dateModified":"2025-05-26T22:01:36+00:00","breadcrumb":{"@id":"https:\/\/queronavegar.com.br\/naviodozezeantigobaseeee\/comprar\/#breadcrumb"},"inLanguage":"pt-BR","potentialAction":[{"@type":"ReadAction","target":["https:\/\/queronavegar.com.br\/naviodozezeantigobaseeee\/comprar\/"]}]},{"@type":"BreadcrumbList","@id":"https:\/\/queronavegar.com.br\/naviodozezeantigobaseeee\/comprar\/#breadcrumb","itemListElement":[{"@type":"ListItem","position":1,"name":"In\u00edcio","item":"https:\/\/queronavegar.com.br\/naviodozezeantigobaseeee\/"},{"@type":"ListItem","position":2,"name":"Comprar"}]},{"@type":"WebSite","@id":"https:\/\/queronavegar.com.br\/naviodozezeantigobaseeee\/#website","url":"https:\/\/queronavegar.com.br\/naviodozezeantigobaseeee\/","name":"Navio do Zez\u00e9 2026 - ANTIGO basear","description":"S\u00f3 mais um site QueroNavegar","potentialAction":[{"@type":"SearchAction","target":{"@type":"EntryPoint","urlTemplate":"https:\/\/queronavegar.com.br\/naviodozezeantigobaseeee\/?s={search_term_string}"},"query-input":{"@type":"PropertyValueSpecification","valueRequired":true,"valueName":"search_term_string"}}],"inLanguage":"pt-BR"}]}},"_links":{"self":[{"href":"https:\/\/queronavegar.com.br\/naviodozezeantigobaseeee\/wp-json\/wp\/v2\/pages\/4126","targetHints":{"allow":["GET"]}}],"collection":[{"href":"https:\/\/queronavegar.com.br\/naviodozezeantigobaseeee\/wp-json\/wp\/v2\/pages"}],"about":[{"href":"https:\/\/queronavegar.com.br\/naviodozezeantigobaseeee\/wp-json\/wp\/v2\/types\/page"}],"author":[{"embeddable":true,"href":"https:\/\/queronavegar.com.br\/naviodozezeantigobaseeee\/wp-json\/wp\/v2\/users\/1"}],"replies":[{"embeddable":true,"href":"https:\/\/queronavegar.com.br\/naviodozezeantigobaseeee\/wp-json\/wp\/v2\/comments?post=4126"}],"version-history":[{"count":48,"href":"https:\/\/queronavegar.com.br\/naviodozezeantigobaseeee\/wp-json\/wp\/v2\/pages\/4126\/revisions"}],"predecessor-version":[{"id":4369,"href":"https:\/\/queronavegar.com.br\/naviodozezeantigobaseeee\/wp-json\/wp\/v2\/pages\/4126\/revisions\/4369"}],"wp:attachment":[{"href":"https:\/\/queronavegar.com.br\/naviodozezeantigobaseeee\/wp-json\/wp\/v2\/media?parent=4126"}],"curies":[{"name":"wp","href":"https:\/\/api.w.org\/{rel}","templated":true}]}}