{"id":4221,"date":"2024-11-26T10:04:27","date_gmt":"2024-11-26T13:04:27","guid":{"rendered":"https:\/\/queronavegar.com.br\/naviodozeze22\/?page_id=4221"},"modified":"2025-05-26T19:02:20","modified_gmt":"2025-05-26T22:02:20","slug":"navio","status":"publish","type":"page","link":"https:\/\/queronavegar.com.br\/naviodozezeantigobaseeee\/navio\/","title":{"rendered":"O Navio"},"content":{"rendered":"\n[et_pb_section fb_built=&#8221;1&#8243; admin_label=&#8221;Hero&#8221; _builder_version=&#8221;4.22.1&#8243; background_image=&#8221;https:\/\/queronavegar.com.br\/navioalexandrepires\/wp-content\/uploads\/sites\/76\/2022\/03\/bg.jpg&#8221; custom_padding=&#8221;||||false|false&#8221; hover_enabled=&#8221;0&#8243; box_shadow_style=&#8221;preset3&#8243; locked=&#8221;off&#8221; collapsed=&#8221;on&#8221; global_colors_info=&#8221;{}&#8221; sticky_enabled=&#8221;0&#8243; title_text=&#8221;bg&#8221;][et_pb_row column_structure=&#8221;1_2,1_2&#8243; use_custom_gutter=&#8221;on&#8221; gutter_width=&#8221;1&#8243; _builder_version=&#8221;4.16&#8243; width=&#8221;100%&#8221; width_tablet=&#8221;100%&#8221; width_phone=&#8221;&#8221; width_last_edited=&#8221;on|desktop&#8221; max_width=&#8221;100%&#8221; max_width_tablet=&#8221;100%&#8221; max_width_phone=&#8221;&#8221; max_width_last_edited=&#8221;on|desktop&#8221; make_fullwidth=&#8221;on&#8221; global_colors_info=&#8221;{}&#8221;][et_pb_column type=&#8221;1_2&#8243; _builder_version=&#8221;4.16&#8243; background_position=&#8221;top_left&#8221; custom_padding=&#8221;|10%||10%|false|false&#8221; global_colors_info=&#8221;{}&#8221; custom_padding__hover=&#8221;|||&#8221;][\/et_pb_column][et_pb_column type=&#8221;1_2&#8243; _builder_version=&#8221;4.16&#8243; background_position=&#8221;top_left&#8221; custom_padding=&#8221;|10%||10%&#8221; global_colors_info=&#8221;{}&#8221; custom_padding__hover=&#8221;|||&#8221;][et_pb_text admin_label=&#8221;Hero Title&#8221; _builder_version=&#8221;4.16&#8243; text_font=&#8221;||||&#8221; text_text_color=&#8221;#1a1a1a&#8221; header_font=&#8221;Oswald|on||on|&#8221; header_text_align=&#8221;left&#8221; header_font_size=&#8221;60px&#8221; header_line_height=&#8221;1.3em&#8221; background_layout=&#8221;dark&#8221; max_width=&#8221;450px&#8221; custom_margin=&#8221;|||&#8221; custom_padding=&#8221;|||&#8221; animation_style=&#8221;slide&#8221; animation_direction=&#8221;top&#8221; animation_intensity_slide=&#8221;10%&#8221; text_text_shadow_style=&#8221;preset5&#8243; header_text_shadow_style=&#8221;preset5&#8243; locked=&#8221;off&#8221; global_colors_info=&#8221;{}&#8221;]<h1>o gigante<\/h1>[\/et_pb_text][et_pb_divider divider_position=&#8221;center&#8221; divider_weight=&#8221;3px&#8221; disabled_on=&#8221;on|on|off%22&#8243; _builder_version=&#8221;4.16&#8243; max_width=&#8221;150px&#8221; height=&#8221;false&#8221; custom_margin=&#8221;30px|||&#8221; animation_style=&#8221;slide&#8221; animation_direction=&#8221;top&#8221; animation_delay=&#8221;100ms&#8221; animation_intensity_slide=&#8221;10%&#8221; locked=&#8221;off&#8221; global_colors_info=&#8221;{}&#8221;][\/et_pb_divider][et_pb_text admin_label=&#8221;Hero Sub Title&#8221; _builder_version=&#8221;4.16&#8243; text_font=&#8221;Roboto||||&#8221; text_text_color=&#8221;#FFFFFF&#8221; text_font_size=&#8221;24px&#8221; text_line_height=&#8221;1.4em&#8221; background_size=&#8221;initial&#8221; background_position=&#8221;top_left&#8221; background_repeat=&#8221;repeat&#8221; background_layout=&#8221;dark&#8221; max_width=&#8221;450px&#8221; custom_padding=&#8221;30px|||&#8221; animation_style=&#8221;slide&#8221; animation_direction=&#8221;top&#8221; animation_delay=&#8221;200ms&#8221; animation_intensity_slide=&#8221;10%&#8221; text_text_shadow_style=&#8221;preset5&#8243; locked=&#8221;off&#8221; global_colors_info=&#8221;{}&#8221;]<p>#naviodozeze<\/p>[\/et_pb_text][\/et_pb_column][\/et_pb_row][\/et_pb_section][et_pb_section fb_built=&#8221;1&#8243; custom_padding_last_edited=&#8221;on|tablet&#8221; _builder_version=&#8221;4.16&#8243; custom_padding=&#8221;||27px|||&#8221; custom_padding_tablet=&#8221;100px||||false|false&#8221; custom_padding_phone=&#8221;&#8221; locked=&#8221;off&#8221; collapsed=&#8221;on&#8221; global_colors_info=&#8221;{}&#8221;][et_pb_row _builder_version=&#8221;4.16&#8243; locked=&#8221;off&#8221; global_colors_info=&#8221;{}&#8221;][et_pb_column type=&#8221;4_4&#8243; _builder_version=&#8221;4.16&#8243; custom_padding=&#8221;|||&#8221; global_colors_info=&#8221;{}&#8221; custom_padding__hover=&#8221;|||&#8221;][et_pb_text admin_label=&#8221;More Places Title&#8221; _builder_version=&#8221;4.16&#8243; text_font=&#8221;||||&#8221; header_font=&#8221;Oswald|on||on|&#8221; header_font_size=&#8221;50px&#8221; header_line_height=&#8221;1.3em&#8221; background_size=&#8221;initial&#8221; background_position=&#8221;top_left&#8221; background_repeat=&#8221;repeat&#8221; text_orientation=&#8221;center&#8221; custom_margin=&#8221;-74px|||||&#8221; custom_padding=&#8221;21px|||||&#8221; animation_style=&#8221;slide&#8221; animation_direction=&#8221;top&#8221; animation_intensity_slide=&#8221;10%&#8221; locked=&#8221;off&#8221; global_colors_info=&#8221;{}&#8221;]<h1>O NAVIO<\/h1>[\/et_pb_text][\/et_pb_column][\/et_pb_row][et_pb_row _builder_version=&#8221;4.16&#8243; _module_preset=&#8221;default&#8221; width=&#8221;100%&#8221; custom_margin=&#8221;-33px|auto||auto||&#8221; global_colors_info=&#8221;{}&#8221;][et_pb_column type=&#8221;4_4&#8243; _builder_version=&#8221;4.16&#8243; _module_preset=&#8221;default&#8221; global_colors_info=&#8221;{}&#8221;][et_pb_image src=&#8221;https:\/\/queronavegar.com.br\/navioalexandrepires\/wp-content\/uploads\/sites\/76\/2023\/03\/WhatsApp-Image-2021-03-07-at-21.40.56.jpeg&#8221; title_text=&#8221;WhatsApp-Image-2021-03-07-at-21.40.56&#8243; show_in_lightbox=&#8221;on&#8221; align=&#8221;center&#8221; force_fullwidth=&#8221;on&#8221; _builder_version=&#8221;4.22.1&#8243; _module_preset=&#8221;default&#8221; animation_style=&#8221;flip&#8221; border_radii=&#8221;on|3px|3px|3px|3px&#8221; global_colors_info=&#8221;{}&#8221;][\/et_pb_image][et_pb_image src=&#8221;https:\/\/queronavegar.com.br\/navioalexandrepires\/wp-content\/uploads\/sites\/76\/2022\/03\/003-e1615662185612.jpeg&#8221; title_text=&#8221;003-e1615662185612&#8243; show_in_lightbox=&#8221;on&#8221; align=&#8221;center&#8221; force_fullwidth=&#8221;on&#8221; _builder_version=&#8221;4.22.1&#8243; _module_preset=&#8221;default&#8221; animation_style=&#8221;flip&#8221; border_radii=&#8221;on|3px|3px|3px|3px&#8221; global_colors_info=&#8221;{}&#8221;][\/et_pb_image][et_pb_image src=&#8221;https:\/\/queronavegar.com.br\/navioalexandrepires\/wp-content\/uploads\/sites\/76\/2022\/03\/005-e1615662796550.jpeg&#8221; title_text=&#8221;005-e1615662796550&#8243; show_in_lightbox=&#8221;on&#8221; align=&#8221;center&#8221; force_fullwidth=&#8221;on&#8221; _builder_version=&#8221;4.22.1&#8243; _module_preset=&#8221;default&#8221; animation_style=&#8221;flip&#8221; border_radii=&#8221;on|3px|3px|3px|3px&#8221; global_colors_info=&#8221;{}&#8221;][\/et_pb_image][et_pb_image src=&#8221;https:\/\/queronavegar.com.br\/navioalexandrepires\/wp-content\/uploads\/sites\/76\/2021\/12\/FANT2.jpg&#8221; title_text=&#8221;FANT2&#8243; show_in_lightbox=&#8221;on&#8221; align=&#8221;center&#8221; force_fullwidth=&#8221;on&#8221; _builder_version=&#8221;4.22.1&#8243; _module_preset=&#8221;default&#8221; animation_style=&#8221;flip&#8221; border_radii=&#8221;on|3px|3px|3px|3px&#8221; global_colors_info=&#8221;{}&#8221;][\/et_pb_image][et_pb_image src=&#8221;https:\/\/queronavegar.com.br\/navioalexandrepires\/wp-content\/uploads\/sites\/76\/2022\/03\/f3.jpg&#8221; title_text=&#8221;f3&#8243; show_in_lightbox=&#8221;on&#8221; align=&#8221;center&#8221; force_fullwidth=&#8221;on&#8221; _builder_version=&#8221;4.22.1&#8243; _module_preset=&#8221;default&#8221; animation_style=&#8221;flip&#8221; border_radii=&#8221;on|3px|3px|3px|3px&#8221; global_colors_info=&#8221;{}&#8221;][\/et_pb_image][et_pb_image src=&#8221;https:\/\/queronavegar.com.br\/navioalexandrepires\/wp-content\/uploads\/sites\/76\/2021\/06\/msc-preziosa-1.jpeg&#8221; title_text=&#8221;msc-preziosa-1&#8243; show_in_lightbox=&#8221;on&#8221; align=&#8221;center&#8221; force_fullwidth=&#8221;on&#8221; _builder_version=&#8221;4.22.1&#8243; _module_preset=&#8221;default&#8221; animation_style=&#8221;flip&#8221; border_radii=&#8221;on|3px|3px|3px|3px&#8221; global_colors_info=&#8221;{}&#8221;][\/et_pb_image][\/et_pb_column][\/et_pb_row][\/et_pb_section][et_pb_section fb_built=&#8221;1&#8243; _builder_version=&#8221;4.16&#8243; parallax=&#8221;on&#8221; custom_padding=&#8221;19px||31px||false|false&#8221; collapsed=&#8221;off&#8221; global_colors_info=&#8221;{}&#8221;][et_pb_row _builder_version=&#8221;4.16&#8243; min_height=&#8221;52px&#8221; custom_padding=&#8221;0px||0px|||&#8221; locked=&#8221;off&#8221; collapsed=&#8221;on&#8221; global_colors_info=&#8221;{}&#8221;][et_pb_column type=&#8221;4_4&#8243; _builder_version=&#8221;4.16&#8243; custom_padding=&#8221;|||&#8221; global_colors_info=&#8221;{}&#8221; custom_padding__hover=&#8221;|||&#8221;][et_pb_text admin_label=&#8221;Title&#8221; _builder_version=&#8221;4.16&#8243; text_font=&#8221;||||&#8221; text_text_color=&#8221;#1a1a1a&#8221; header_font=&#8221;Oswald|on||on|&#8221; header_text_align=&#8221;center&#8221; header_font_size=&#8221;50px&#8221; header_line_height=&#8221;1.3em&#8221; module_alignment=&#8221;center&#8221; custom_margin=&#8221;||-33px|||&#8221; custom_padding=&#8221;|||&#8221; animation_style=&#8221;slide&#8221; animation_direction=&#8221;top&#8221; animation_intensity_slide=&#8221;10%&#8221; locked=&#8221;off&#8221; global_colors_info=&#8221;{}&#8221;]<h1>E AI, GOSTOU ?<\/h1>[\/et_pb_text][\/et_pb_column][\/et_pb_row][\/et_pb_section][et_pb_section fb_built=&#8221;1&#8243; _builder_version=&#8221;4.16&#8243; _module_preset=&#8221;default&#8221; custom_padding=&#8221;5px||0px|||&#8221; locked=&#8221;off&#8221; global_colors_info=&#8221;{}&#8221;][et_pb_row _builder_version=&#8221;4.16&#8243; _module_preset=&#8221;default&#8221; custom_margin=&#8221;|auto|-49px|auto||&#8221; custom_padding=&#8221;0px||30px|||&#8221; global_colors_info=&#8221;{}&#8221;][et_pb_column type=&#8221;4_4&#8243; _builder_version=&#8221;4.16&#8243; _module_preset=&#8221;default&#8221; global_colors_info=&#8221;{}&#8221;][et_pb_text admin_label=&#8221;Title&#8221; _builder_version=&#8221;4.18.0&#8243; text_font=&#8221;||||&#8221; text_text_color=&#8221;#1a1a1a&#8221; header_font=&#8221;Oswald|on||on|&#8221; header_text_align=&#8221;center&#8221; header_font_size=&#8221;50px&#8221; header_line_height=&#8221;1.3em&#8221; module_alignment=&#8221;center&#8221; custom_margin=&#8221;25px|||||&#8221; custom_padding=&#8221;|||&#8221; animation_style=&#8221;slide&#8221; animation_direction=&#8221;top&#8221; animation_intensity_slide=&#8221;10%&#8221; locked=&#8221;off&#8221; global_colors_info=&#8221;{}&#8221;]<h3 style=\"text-align: center;\"><strong>RESERVE AGORA MESMO SUA CABINE&#8230;<\/strong><\/h3>[\/et_pb_text][et_pb_button button_url=&#8221;https:\/\/www.queronavegar.com.br\/naviodozeze\/cabines&#8221; button_text=&#8221;Cabines em Promo\u00e7\u00e3o&#8221; button_alignment=&#8221;center&#8221; _builder_version=&#8221;4.22.1&#8243; _module_preset=&#8221;default&#8221; custom_button=&#8221;on&#8221; button_text_size=&#8221;20px&#8221; button_text_color=&#8221;#FFFFFF&#8221; button_bg_color=&#8221;#E09900&#8243; button_border_width=&#8221;0px&#8221; custom_margin=&#8221;||64px|||&#8221; box_shadow_style=&#8221;preset2&#8243; box_shadow_color=&#8221;#000000&#8243; locked=&#8221;off&#8221; global_colors_info=&#8221;{}&#8221;][\/et_pb_button][\/et_pb_column][\/et_pb_row][et_pb_row disabled_on=&#8221;off|off|off&#8221; _builder_version=&#8221;4.16&#8243; _module_preset=&#8221;default&#8221; custom_padding=&#8221;33px||54px|||&#8221; locked=&#8221;off&#8221; global_colors_info=&#8221;{}&#8221;][et_pb_column type=&#8221;4_4&#8243; _builder_version=&#8221;4.16&#8243; _module_preset=&#8221;default&#8221; global_colors_info=&#8221;{}&#8221;][et_pb_text _builder_version=&#8221;4.18.0&#8243; _module_preset=&#8221;default&#8221; text_font=&#8221;Roboto||||||||&#8221; text_text_color=&#8221;#000000&#8243; text_font_size=&#8221;24px&#8221; text_line_height=&#8221;1.4em&#8221; header_font=&#8221;Oswald|||on|||||&#8221; header_font_size=&#8221;50px&#8221; text_orientation=&#8221;center&#8221; locked=&#8221;off&#8221; global_colors_info=&#8221;{}&#8221;]<h3>Quer condi\u00e7\u00e3o especial?<\/h3>\n<h3>Clique no Bot\u00e3o abaixo&#8230;<\/h3>[\/et_pb_text][et_pb_image src=&#8221;https:\/\/queronavegar.com.br\/navioalexandrepires\/wp-content\/uploads\/sites\/76\/2023\/05\/bot-whatsapp-e1684955926683.png&#8221; title_text=&#8221;bot-whatsapp&#8221; url=&#8221;https:\/\/api.whatsapp.com\/send?phone=551128871316&#038;text=Ola%20Quero%20Navegar,%20Desejo%20informa%C3%A7%C3%B5es%20do%20Navio%20do%20Zez\u00e9%20di%20Camargo%202026&#8230;&#8221; url_new_window=&#8221;on&#8221; align=&#8221;center&#8221; _builder_version=&#8221;4.22.1&#8243; _module_preset=&#8221;default&#8221; custom_margin=&#8221;-22px|||||&#8221; custom_padding=&#8221;0px|||||&#8221; locked=&#8221;off&#8221; global_colors_info=&#8221;{}&#8221;][\/et_pb_image][\/et_pb_column][\/et_pb_row][\/et_pb_section]\n","protected":false},"excerpt":{"rendered":"<p>o gigante#naviodozezeO NAVIOE AI, GOSTOU ?RESERVE AGORA MESMO SUA CABINE&#8230;Quer condi\u00e7\u00e3o especial? Clique no Bot\u00e3o abaixo&#8230;<\/p>\n","protected":false},"author":1,"featured_media":0,"parent":0,"menu_order":0,"comment_status":"closed","ping_status":"closed","template":"","meta":{"_et_pb_use_builder":"on","_et_pb_old_content":"","_et_gb_content_width":"","_joinchat":[],"footnotes":""},"class_list":["post-4221","page","type-page","status-publish","hentry"],"yoast_head":"<!-- This site is optimized with the Yoast SEO Premium plugin v25.3.1 (Yoast SEO v25.3.1) - https:\/\/yoast.com\/wordpress\/plugins\/seo\/ -->\n<title>O Navio - Navio do Zez\u00e9 2026 - ANTIGO basear<\/title>\n<meta name=\"robots\" content=\"index, follow, max-snippet:-1, max-image-preview:large, max-video-preview:-1\" \/>\n<link rel=\"canonical\" href=\"https:\/\/queronavegar.com.br\/naviodozezeantigobaseeee\/navio\/\" \/>\n<meta property=\"og:locale\" content=\"pt_BR\" \/>\n<meta property=\"og:type\" content=\"article\" \/>\n<meta property=\"og:title\" content=\"O Navio\" \/>\n<meta property=\"og:description\" content=\"o gigante#naviodozezeO NAVIOE AI, GOSTOU ?RESERVE AGORA MESMO SUA CABINE...Quer condi\u00e7\u00e3o especial? Clique no Bot\u00e3o abaixo...\" \/>\n<meta property=\"og:url\" content=\"https:\/\/queronavegar.com.br\/naviodozezeantigobaseeee\/navio\/\" \/>\n<meta property=\"og:site_name\" content=\"Navio do Zez\u00e9 2026 - ANTIGO basear\" \/>\n<meta property=\"article:modified_time\" content=\"2025-05-26T22:02:20+00:00\" \/>\n<meta name=\"twitter:card\" content=\"summary_large_image\" \/>\n<meta name=\"twitter:label1\" content=\"Est. tempo de leitura\" \/>\n\t<meta name=\"twitter:data1\" content=\"10 minutos\" \/>\n<script type=\"application\/ld+json\" class=\"yoast-schema-graph\">{\"@context\":\"https:\/\/schema.org\",\"@graph\":[{\"@type\":\"WebPage\",\"@id\":\"https:\/\/queronavegar.com.br\/naviodozezeantigobaseeee\/navio\/\",\"url\":\"https:\/\/queronavegar.com.br\/naviodozezeantigobaseeee\/navio\/\",\"name\":\"O Navio - Navio do Zez\u00e9 2026 - ANTIGO basear\",\"isPartOf\":{\"@id\":\"https:\/\/queronavegar.com.br\/naviodozezeantigobaseeee\/#website\"},\"datePublished\":\"2024-11-26T13:04:27+00:00\",\"dateModified\":\"2025-05-26T22:02:20+00:00\",\"breadcrumb\":{\"@id\":\"https:\/\/queronavegar.com.br\/naviodozezeantigobaseeee\/navio\/#breadcrumb\"},\"inLanguage\":\"pt-BR\",\"potentialAction\":[{\"@type\":\"ReadAction\",\"target\":[\"https:\/\/queronavegar.com.br\/naviodozezeantigobaseeee\/navio\/\"]}]},{\"@type\":\"BreadcrumbList\",\"@id\":\"https:\/\/queronavegar.com.br\/naviodozezeantigobaseeee\/navio\/#breadcrumb\",\"itemListElement\":[{\"@type\":\"ListItem\",\"position\":1,\"name\":\"In\u00edcio\",\"item\":\"https:\/\/queronavegar.com.br\/naviodozezeantigobaseeee\/\"},{\"@type\":\"ListItem\",\"position\":2,\"name\":\"O Navio\"}]},{\"@type\":\"WebSite\",\"@id\":\"https:\/\/queronavegar.com.br\/naviodozezeantigobaseeee\/#website\",\"url\":\"https:\/\/queronavegar.com.br\/naviodozezeantigobaseeee\/\",\"name\":\"Navio do Zez\u00e9 2026 - ANTIGO basear\",\"description\":\"S\u00f3 mais um site QueroNavegar\",\"potentialAction\":[{\"@type\":\"SearchAction\",\"target\":{\"@type\":\"EntryPoint\",\"urlTemplate\":\"https:\/\/queronavegar.com.br\/naviodozezeantigobaseeee\/?s={search_term_string}\"},\"query-input\":{\"@type\":\"PropertyValueSpecification\",\"valueRequired\":true,\"valueName\":\"search_term_string\"}}],\"inLanguage\":\"pt-BR\"}]}<\/script>\n<!-- \/ Yoast SEO Premium plugin. -->","yoast_head_json":{"title":"O Navio - Navio do Zez\u00e9 2026 - ANTIGO basear","robots":{"index":"index","follow":"follow","max-snippet":"max-snippet:-1","max-image-preview":"max-image-preview:large","max-video-preview":"max-video-preview:-1"},"canonical":"https:\/\/queronavegar.com.br\/naviodozezeantigobaseeee\/navio\/","og_locale":"pt_BR","og_type":"article","og_title":"O Navio","og_description":"o gigante#naviodozezeO NAVIOE AI, GOSTOU ?RESERVE AGORA MESMO SUA CABINE...Quer condi\u00e7\u00e3o especial? Clique no Bot\u00e3o abaixo...","og_url":"https:\/\/queronavegar.com.br\/naviodozezeantigobaseeee\/navio\/","og_site_name":"Navio do Zez\u00e9 2026 - ANTIGO basear","article_modified_time":"2025-05-26T22:02:20+00:00","twitter_card":"summary_large_image","twitter_misc":{"Est. tempo de leitura":"10 minutos"},"schema":{"@context":"https:\/\/schema.org","@graph":[{"@type":"WebPage","@id":"https:\/\/queronavegar.com.br\/naviodozezeantigobaseeee\/navio\/","url":"https:\/\/queronavegar.com.br\/naviodozezeantigobaseeee\/navio\/","name":"O Navio - Navio do Zez\u00e9 2026 - ANTIGO basear","isPartOf":{"@id":"https:\/\/queronavegar.com.br\/naviodozezeantigobaseeee\/#website"},"datePublished":"2024-11-26T13:04:27+00:00","dateModified":"2025-05-26T22:02:20+00:00","breadcrumb":{"@id":"https:\/\/queronavegar.com.br\/naviodozezeantigobaseeee\/navio\/#breadcrumb"},"inLanguage":"pt-BR","potentialAction":[{"@type":"ReadAction","target":["https:\/\/queronavegar.com.br\/naviodozezeantigobaseeee\/navio\/"]}]},{"@type":"BreadcrumbList","@id":"https:\/\/queronavegar.com.br\/naviodozezeantigobaseeee\/navio\/#breadcrumb","itemListElement":[{"@type":"ListItem","position":1,"name":"In\u00edcio","item":"https:\/\/queronavegar.com.br\/naviodozezeantigobaseeee\/"},{"@type":"ListItem","position":2,"name":"O Navio"}]},{"@type":"WebSite","@id":"https:\/\/queronavegar.com.br\/naviodozezeantigobaseeee\/#website","url":"https:\/\/queronavegar.com.br\/naviodozezeantigobaseeee\/","name":"Navio do Zez\u00e9 2026 - ANTIGO basear","description":"S\u00f3 mais um site QueroNavegar","potentialAction":[{"@type":"SearchAction","target":{"@type":"EntryPoint","urlTemplate":"https:\/\/queronavegar.com.br\/naviodozezeantigobaseeee\/?s={search_term_string}"},"query-input":{"@type":"PropertyValueSpecification","valueRequired":true,"valueName":"search_term_string"}}],"inLanguage":"pt-BR"}]}},"_links":{"self":[{"href":"https:\/\/queronavegar.com.br\/naviodozezeantigobaseeee\/wp-json\/wp\/v2\/pages\/4221","targetHints":{"allow":["GET"]}}],"collection":[{"href":"https:\/\/queronavegar.com.br\/naviodozezeantigobaseeee\/wp-json\/wp\/v2\/pages"}],"about":[{"href":"https:\/\/queronavegar.com.br\/naviodozezeantigobaseeee\/wp-json\/wp\/v2\/types\/page"}],"author":[{"embeddable":true,"href":"https:\/\/queronavegar.com.br\/naviodozezeantigobaseeee\/wp-json\/wp\/v2\/users\/1"}],"replies":[{"embeddable":true,"href":"https:\/\/queronavegar.com.br\/naviodozezeantigobaseeee\/wp-json\/wp\/v2\/comments?post=4221"}],"version-history":[{"count":8,"href":"https:\/\/queronavegar.com.br\/naviodozezeantigobaseeee\/wp-json\/wp\/v2\/pages\/4221\/revisions"}],"predecessor-version":[{"id":4425,"href":"https:\/\/queronavegar.com.br\/naviodozezeantigobaseeee\/wp-json\/wp\/v2\/pages\/4221\/revisions\/4425"}],"wp:attachment":[{"href":"https:\/\/queronavegar.com.br\/naviodozezeantigobaseeee\/wp-json\/wp\/v2\/media?parent=4221"}],"curies":[{"name":"wp","href":"https:\/\/api.w.org\/{rel}","templated":true}]}}