{"id":4277,"date":"2024-11-26T13:50:10","date_gmt":"2024-11-26T16:50:10","guid":{"rendered":"https:\/\/queronavegar.com.br\/naviodozeze22\/?page_id=4277"},"modified":"2025-05-26T19:01:58","modified_gmt":"2025-05-26T22:01:58","slug":"grupos","status":"publish","type":"page","link":"https:\/\/queronavegar.com.br\/naviodozezeantigobaseeee\/grupos\/","title":{"rendered":"Grupos"},"content":{"rendered":"\n[et_pb_section fb_built=&#8221;1&#8243; _builder_version=&#8221;4.16&#8243; _module_preset=&#8221;default&#8221; custom_margin=&#8221;||-18px||false|false&#8221; custom_padding=&#8221;0px||0px||false|false&#8221; box_shadow_style=&#8221;preset3&#8243; locked=&#8221;off&#8221; global_colors_info=&#8221;{}&#8221;][et_pb_row _builder_version=&#8221;4.16&#8243; _module_preset=&#8221;default&#8221; width=&#8221;100%&#8221; custom_margin=&#8221;||||false|false&#8221; custom_padding=&#8221;0px||0px|||&#8221; global_colors_info=&#8221;{}&#8221;][et_pb_column type=&#8221;4_4&#8243; _builder_version=&#8221;4.16&#8243; _module_preset=&#8221;default&#8221; global_colors_info=&#8221;{}&#8221;][revslider_divi revslider_divi=&#8221;%91rev_slider alias=%22slider-1%22 slidertitle=%22Slider 1%22%93%91\/rev_slider%93&#8243; _builder_version=&#8221;4.22.1&#8243; _module_preset=&#8221;default&#8221; animation_style=&#8221;fade&#8221; global_colors_info=&#8221;{}&#8221;][\/revslider_divi][\/et_pb_column][\/et_pb_row][\/et_pb_section][et_pb_section fb_built=&#8221;1&#8243; disabled_on=&#8221;off|off|off&#8221; _builder_version=&#8221;4.22.1&#8243; background_color=&#8221;#004799&#8243; min_height=&#8221;971px&#8221; custom_margin=&#8221;||-78px|||&#8221; custom_padding=&#8221;39px||0px||false|false&#8221; locked=&#8221;off&#8221; global_colors_info=&#8221;{}&#8221;][et_pb_row _builder_version=&#8221;4.16&#8243; custom_margin=&#8221;|||&#8221; custom_padding=&#8221;||22px|||&#8221; locked=&#8221;off&#8221; global_colors_info=&#8221;{}&#8221;][et_pb_column type=&#8221;4_4&#8243; _builder_version=&#8221;4.16&#8243; custom_padding=&#8221;|||&#8221; global_colors_info=&#8221;{}&#8221; custom_padding__hover=&#8221;|||&#8221;][et_pb_text admin_label=&#8221;CTA Section Title&#8221; _builder_version=&#8221;4.22.1&#8243; text_font=&#8221;||||&#8221; header_font=&#8221;Oswald|on||on|&#8221; header_text_align=&#8221;center&#8221; header_font_size=&#8221;50px&#8221; header_line_height=&#8221;1.3em&#8221; background_layout=&#8221;dark&#8221; module_alignment=&#8221;center&#8221; custom_margin=&#8221;||3px|||&#8221; custom_padding=&#8221;||35px|||&#8221; animation_style=&#8221;zoom&#8221; animation_delay=&#8221;100ms&#8221; animation_intensity_zoom=&#8221;20%&#8221; locked=&#8221;off&#8221; global_colors_info=&#8221;{}&#8221;]<h1><span style=\"color: #ffffff;\"><strong>ATENDIMENTO GRUPOS<\/strong><\/span><\/h1>[\/et_pb_text][et_pb_text _builder_version=&#8221;4.22.1&#8243; text_font=&#8221;Roboto||||&#8221; text_font_size=&#8221;24px&#8221; text_line_height=&#8221;1.4em&#8221; text_orientation=&#8221;center&#8221; background_layout=&#8221;dark&#8221; max_width=&#8221;750px&#8221; module_alignment=&#8221;center&#8221; custom_padding=&#8221;4px||4px|||&#8221; animation_style=&#8221;zoom&#8221; animation_delay=&#8221;300ms&#8221; animation_intensity_zoom=&#8221;20%&#8221; global_colors_info=&#8221;{}&#8221;]<h1 style=\"text-align: center;\"><span style=\"color: #ffffff;\"><strong>Navio do Zez\u00e9 2026<\/strong><\/span><\/h1>\n<h6 style=\"text-align: center;\"><span style=\"color: #ffffff;\"><strong>De 11 a 14 de Janeiro de 2026<\/strong><\/span><\/h6>\n<h6 style=\"text-align: center;\"><\/h6>[\/et_pb_text][et_pb_text _builder_version=&#8221;4.22.1&#8243; text_font=&#8221;Roboto||||&#8221; text_font_size=&#8221;24px&#8221; text_line_height=&#8221;1.4em&#8221; text_orientation=&#8221;center&#8221; background_layout=&#8221;dark&#8221; max_width=&#8221;750px&#8221; module_alignment=&#8221;center&#8221; custom_padding=&#8221;6px||22px|||&#8221; animation_style=&#8221;zoom&#8221; animation_delay=&#8221;300ms&#8221; animation_intensity_zoom=&#8221;20%&#8221; global_colors_info=&#8221;{}&#8221;]<p><span style=\"color: #ffffff;\"><strong>Deseja montar um grupo no navio?<\/strong><\/span><\/p>\n<h5><span style=\"color: #ffffff;\"><strong>Tenha atendimento exclusivo e\u00a0 especializado<\/strong><\/span><\/h5>[\/et_pb_text][et_pb_contact_form captcha=&#8221;off&#8221; email=&#8221;contato@queronavegar.com&#8221; title=&#8221;Grupos &#8211; Navio do Zez\u00e9&#8221; success_message=&#8221;Obrigado! Receber\u00e1 em Breve nosso contato pelo whatsapp&#8221; submit_button_text=&#8221;Enviar Solicita\u00e7\u00e3o&#8230;&#8221; module_id=&#8221;et_pb_contact_form_0&#8243; _builder_version=&#8221;4.22.1&#8243; _unique_id=&#8221;07e38826-77c0-4d2c-8a16-1701f04195fb&#8221; form_field_background_color=&#8221;#004799&#8243; form_field_text_color=&#8221;#ffffff&#8221; form_field_font=&#8221;Roboto|on|||&#8221; form_field_font_size=&#8221;16px&#8221; background_color=&#8221;#004799&#8243; custom_button=&#8221;on&#8221; button_text_color=&#8221;#FFFFFF&#8221; button_bg_color=&#8221;#E09900&#8243; button_border_width=&#8221;1px&#8221; button_border_color=&#8221;#FFFFFF&#8221; button_border_radius=&#8221;2px&#8221; button_icon=&#8221;&#x24;||divi||400&#8243; button_icon_color=&#8221;#1a1a1a&#8221; button_custom_margin=&#8221;14px||||false|false&#8221; custom_margin=&#8221;12px||56px|||&#8221; custom_padding=&#8221;||61px|||&#8221; animation_style=&#8221;fold&#8221; animation_direction=&#8221;right&#8221; animation_intensity_fold=&#8221;20%&#8221; hover_enabled=&#8221;0&#8243; custom_css_contact_title=&#8221;display:none&#8221; border_width_all=&#8221;1px&#8221; border_color_all=&#8221;#FFFFFF&#8221; border_style_all=&#8221;solid&#8221; box_shadow_style_button=&#8221;preset4&#8243; use_border_color=&#8221;on&#8221; border_color=&#8221;rgba(0,0,0,0.12)&#8221; form_background_color=&#8221;#ffffff&#8221; locked=&#8221;off&#8221; global_colors_info=&#8221;{}&#8221; form_field_focus_text_color=&#8221;#FFFFFF&#8221; sticky_enabled=&#8221;0&#8243;][et_pb_contact_field field_id=&#8221;Nome&#8221; field_title=&#8221;Nome&#8221; fullwidth_field=&#8221;on&#8221; _builder_version=&#8221;4.16&#8243; global_colors_info=&#8221;{}&#8221; button_text_size__hover_enabled=&#8221;off&#8221; button_one_text_size__hover_enabled=&#8221;off&#8221; button_two_text_size__hover_enabled=&#8221;off&#8221; button_text_color__hover_enabled=&#8221;off&#8221; button_one_text_color__hover_enabled=&#8221;off&#8221; button_two_text_color__hover_enabled=&#8221;off&#8221; button_border_width__hover_enabled=&#8221;off&#8221; button_one_border_width__hover_enabled=&#8221;off&#8221; button_two_border_width__hover_enabled=&#8221;off&#8221; button_border_color__hover_enabled=&#8221;off&#8221; button_one_border_color__hover_enabled=&#8221;off&#8221; button_two_border_color__hover_enabled=&#8221;off&#8221; button_border_radius__hover_enabled=&#8221;off&#8221; button_one_border_radius__hover_enabled=&#8221;off&#8221; button_two_border_radius__hover_enabled=&#8221;off&#8221; button_letter_spacing__hover_enabled=&#8221;off&#8221; button_one_letter_spacing__hover_enabled=&#8221;off&#8221; button_two_letter_spacing__hover_enabled=&#8221;off&#8221; button_bg_color__hover_enabled=&#8221;off&#8221; button_one_bg_color__hover_enabled=&#8221;off&#8221; button_two_bg_color__hover_enabled=&#8221;off&#8221;][\/et_pb_contact_field][et_pb_contact_field field_id=&#8221;E-mail&#8221; field_title=&#8221;E-mail&#8221; field_type=&#8221;email&#8221; fullwidth_field=&#8221;on&#8221; _builder_version=&#8221;4.16&#8243; global_colors_info=&#8221;{}&#8221; button_text_size__hover_enabled=&#8221;off&#8221; button_one_text_size__hover_enabled=&#8221;off&#8221; button_two_text_size__hover_enabled=&#8221;off&#8221; button_text_color__hover_enabled=&#8221;off&#8221; button_one_text_color__hover_enabled=&#8221;off&#8221; button_two_text_color__hover_enabled=&#8221;off&#8221; button_border_width__hover_enabled=&#8221;off&#8221; button_one_border_width__hover_enabled=&#8221;off&#8221; button_two_border_width__hover_enabled=&#8221;off&#8221; button_border_color__hover_enabled=&#8221;off&#8221; button_one_border_color__hover_enabled=&#8221;off&#8221; button_two_border_color__hover_enabled=&#8221;off&#8221; button_border_radius__hover_enabled=&#8221;off&#8221; button_one_border_radius__hover_enabled=&#8221;off&#8221; button_two_border_radius__hover_enabled=&#8221;off&#8221; button_letter_spacing__hover_enabled=&#8221;off&#8221; button_one_letter_spacing__hover_enabled=&#8221;off&#8221; button_two_letter_spacing__hover_enabled=&#8221;off&#8221; button_bg_color__hover_enabled=&#8221;off&#8221; button_one_bg_color__hover_enabled=&#8221;off&#8221; button_two_bg_color__hover_enabled=&#8221;off&#8221;][\/et_pb_contact_field][et_pb_contact_field field_id=&#8221;Whatsapp_com_DDD&#8221; field_title=&#8221;Whatsapp com DDD&#8221; allowed_symbols=&#8221;numbers&#8221; fullwidth_field=&#8221;on&#8221; _builder_version=&#8221;4.22.1&#8243; global_colors_info=&#8221;{}&#8221; button_text_size__hover_enabled=&#8221;off&#8221; button_one_text_size__hover_enabled=&#8221;off&#8221; button_two_text_size__hover_enabled=&#8221;off&#8221; button_text_color__hover_enabled=&#8221;off&#8221; button_one_text_color__hover_enabled=&#8221;off&#8221; button_two_text_color__hover_enabled=&#8221;off&#8221; button_border_width__hover_enabled=&#8221;off&#8221; button_one_border_width__hover_enabled=&#8221;off&#8221; button_two_border_width__hover_enabled=&#8221;off&#8221; button_border_color__hover_enabled=&#8221;off&#8221; button_one_border_color__hover_enabled=&#8221;off&#8221; button_two_border_color__hover_enabled=&#8221;off&#8221; button_border_radius__hover_enabled=&#8221;off&#8221; button_one_border_radius__hover_enabled=&#8221;off&#8221; button_two_border_radius__hover_enabled=&#8221;off&#8221; button_letter_spacing__hover_enabled=&#8221;off&#8221; button_one_letter_spacing__hover_enabled=&#8221;off&#8221; button_two_letter_spacing__hover_enabled=&#8221;off&#8221; button_bg_color__hover_enabled=&#8221;off&#8221; button_one_bg_color__hover_enabled=&#8221;off&#8221; button_two_bg_color__hover_enabled=&#8221;off&#8221;][\/et_pb_contact_field][et_pb_contact_field field_id=&#8221;Mensagem&#8221; field_title=&#8221;Descreva alguma observa\u00e7\u00e3o necess\u00e1ria&#8221; field_type=&#8221;text&#8221; fullwidth_field=&#8221;on&#8221; _builder_version=&#8221;4.22.1&#8243; global_colors_info=&#8221;{}&#8221; button_text_size__hover_enabled=&#8221;off&#8221; button_one_text_size__hover_enabled=&#8221;off&#8221; button_two_text_size__hover_enabled=&#8221;off&#8221; button_text_color__hover_enabled=&#8221;off&#8221; button_one_text_color__hover_enabled=&#8221;off&#8221; button_two_text_color__hover_enabled=&#8221;off&#8221; button_border_width__hover_enabled=&#8221;off&#8221; button_one_border_width__hover_enabled=&#8221;off&#8221; button_two_border_width__hover_enabled=&#8221;off&#8221; button_border_color__hover_enabled=&#8221;off&#8221; button_one_border_color__hover_enabled=&#8221;off&#8221; button_two_border_color__hover_enabled=&#8221;off&#8221; button_border_radius__hover_enabled=&#8221;off&#8221; button_one_border_radius__hover_enabled=&#8221;off&#8221; button_two_border_radius__hover_enabled=&#8221;off&#8221; button_letter_spacing__hover_enabled=&#8221;off&#8221; button_one_letter_spacing__hover_enabled=&#8221;off&#8221; button_two_letter_spacing__hover_enabled=&#8221;off&#8221; button_bg_color__hover_enabled=&#8221;off&#8221; button_one_bg_color__hover_enabled=&#8221;off&#8221; button_two_bg_color__hover_enabled=&#8221;off&#8221;][\/et_pb_contact_field][\/et_pb_contact_form][\/et_pb_column][\/et_pb_row][\/et_pb_section][et_pb_section fb_built=&#8221;1&#8243; _builder_version=&#8221;4.16&#8243; _module_preset=&#8221;default&#8221; custom_padding=&#8221;0px||0px|||&#8221; global_colors_info=&#8221;{}&#8221;][et_pb_row disabled_on=&#8221;off|off|off&#8221; _builder_version=&#8221;4.16&#8243; _module_preset=&#8221;default&#8221; custom_padding=&#8221;58px||54px|||&#8221; locked=&#8221;off&#8221; global_colors_info=&#8221;{}&#8221;][et_pb_column type=&#8221;4_4&#8243; _builder_version=&#8221;4.16&#8243; _module_preset=&#8221;default&#8221; global_colors_info=&#8221;{}&#8221;][et_pb_text _builder_version=&#8221;4.18.0&#8243; _module_preset=&#8221;default&#8221; text_font=&#8221;Roboto||||||||&#8221; text_text_color=&#8221;#000000&#8243; text_font_size=&#8221;24px&#8221; text_line_height=&#8221;1.4em&#8221; header_font=&#8221;Oswald|||on|||||&#8221; header_font_size=&#8221;50px&#8221; text_orientation=&#8221;center&#8221; locked=&#8221;off&#8221; global_colors_info=&#8221;{}&#8221;]<h3>Quer atendimento agora?<\/h3>\n<h3><strong>Clique no Bot\u00e3o abaixo&#8230;<\/strong><\/h3>[\/et_pb_text][et_pb_image src=&#8221;https:\/\/queronavegar.com.br\/navioalexandrepires\/wp-content\/uploads\/sites\/76\/2023\/05\/bot-whatsapp-e1684955926683.png&#8221; title_text=&#8221;bot-whatsapp&#8221; url=&#8221;https:\/\/api.whatsapp.com\/send?phone=551128871316&#038;text=Ola%20Quero%20Navegar,%20Desejo%20informa%C3%A7%C3%B5es%20do%20Navio%20do%20Zez\u00e9%20di%20Camargo%202026%20(Grupos)&#8230;&#8221; url_new_window=&#8221;on&#8221; align=&#8221;center&#8221; _builder_version=&#8221;4.22.1&#8243; _module_preset=&#8221;default&#8221; custom_margin=&#8221;-17px|||||&#8221; custom_padding=&#8221;0px|||||&#8221; locked=&#8221;off&#8221; global_colors_info=&#8221;{}&#8221;][\/et_pb_image][\/et_pb_column][\/et_pb_row][\/et_pb_section]\n","protected":false},"excerpt":{"rendered":"<p><div class=\"et_pb_module revslider_divi revslider_divi_0 et_animated\">\n\t\t\t\t\n\t\t\t\t\n\t\t\t\t\n\t\t\t\t\n\t\t\t\t\n\t\t\t\t\n\t\t\t\t<div class=\"et_pb_module_inner\">\n\t\t\t\t\t\n\t\t\t<!-- START Slider 1 REVOLUTION SLIDER 6.6.14 --><p class=\"rs-p-wp-fix\"><\/p>\n\t\t\t<rs-module-wrap id=\"rev_slider_1_1_wrapper\" data-source=\"gallery\" style=\"visibility:hidden;background:transparent;padding:0;margin:0px auto;margin-top:0;margin-bottom:0;\">\n\t\t\t\t<rs-module id=\"rev_slider_1_1\" style=\"\" data-version=\"6.6.14\">\n\t\t\t\t\t<rs-slides style=\"overflow: hidden; position: absolute;\">\n\t\t\t\t\t\t<rs-slide style=\"position: absolute;\" data-key=\"rs-6\" data-title=\"Slide\" data-duration=\"3240\" data-anim=\"p:light;\" data-in=\"prst:rndzoom;o:-0.5;sx:1.6;sy:1.6;e:power0.inOut;\" data-out=\"o:0;sx:0.6;sy:0.6;\">\n\t\t\t\t\t\t\t<img decoding=\"async\" src=\"\/\/queronavegar.com.br\/navioalexandrepires\/wp-content\/plugins\/revslider\/public\/assets\/assets\/dummy.png\" alt=\"\" title=\"bg01 (3)\" width=\"1920\" height=\"1080\" class=\"rev-slidebg tp-rs-img rs-lazyload\" data-lazyload=\"\/\/queronavegar.com.br\/navioalexandrepires\/wp-content\/uploads\/sites\/76\/2024\/11\/bg01-3.jpg\" data-no-retina>\n<!--\n\t\t\t\t\t\t\t--><rs-layer\n\t\t\t\t\t\t\t\tid=\"slider-1-slide-6-layer-0\" \n\t\t\t\t\t\t\t\tdata-type=\"image\"\n\t\t\t\t\t\t\t\tdata-rsp_ch=\"on\"\n\t\t\t\t\t\t\t\tdata-xy=\"x:c;yo:31px,16px,19px,18px;\"\n\t\t\t\t\t\t\t\tdata-text=\"w:normal;s:20,16,12,7;l:0,20,15,9;\"\n\t\t\t\t\t\t\t\tdata-dim=\"w:202px,192px,155px,159px;h:62px,59px,48px,49px;\"\n\t\t\t\t\t\t\t\tdata-frame_1=\"sp:108;\"\n\t\t\t\t\t\t\t\tdata-frame_999=\"o:0;st:w;sp:108;\"\n\t\t\t\t\t\t\t\tstyle=\"z-index:10;\"\n\t\t\t\t\t\t\t><img decoding=\"async\" src=\"\/\/queronavegar.com.br\/navioalexandrepires\/wp-content\/plugins\/revslider\/public\/assets\/assets\/dummy.png\" alt=\"\" class=\"tp-rs-img rs-lazyload\" width=\"324\" height=\"100\" data-lazyload=\"\/\/queronavegar.com.br\/navioalexandrepires\/wp-content\/uploads\/sites\/76\/2024\/11\/data26-min.png\" data-no-retina> \n\t\t\t\t\t\t\t<\/rs-layer><!--\n\n\t\t\t\t\t\t\t--><rs-layer\n\t\t\t\t\t\t\t\tid=\"slider-1-slide-6-layer-1\" \n\t\t\t\t\t\t\t\tdata-type=\"image\"\n\t\t\t\t\t\t\t\tdata-rsp_ch=\"on\"\n\t\t\t\t\t\t\t\tdata-xy=\"x:l,l,l,c;xo:858px,545px,319px,0;yo:246px,308px,209px,294px;\"\n\t\t\t\t\t\t\t\tdata-text=\"w:normal;s:20,16,12,7;l:0,20,15,9;\"\n\t\t\t\t\t\t\t\tdata-dim=\"w:320px,261px,159px,190px;h:119px,97px,71px,71px;\"\n\t\t\t\t\t\t\t\tdata-frame_1=\"sp:108;\"\n\t\t\t\t\t\t\t\tdata-frame_999=\"o:0;st:w;sp:108;\"\n\t\t\t\t\t\t\t\tstyle=\"z-index:9;\"\n\t\t\t\t\t\t\t><img decoding=\"async\" src=\"\/\/queronavegar.com.br\/navioalexandrepires\/wp-content\/plugins\/revslider\/public\/assets\/assets\/dummy.png\" alt=\"\" class=\"tp-rs-img rs-lazyload\" width=\"398\" height=\"148\" data-lazyload=\"\/\/queronavegar.com.br\/navioalexandrepires\/wp-content\/uploads\/sites\/76\/2024\/11\/tagline01-min.png\" data-no-retina> \n\t\t\t\t\t\t\t<\/rs-layer><!--\n\n\t\t\t\t\t\t\t--><rs-layer\n\t\t\t\t\t\t\t\tid=\"slider-1-slide-6-layer-2\" \n\t\t\t\t\t\t\t\tdata-type=\"image\"\n\t\t\t\t\t\t\t\tdata-rsp_ch=\"on\"\n\t\t\t\t\t\t\t\tdata-xy=\"x:c;yo:630px,637px,345px,342px;\"\n\t\t\t\t\t\t\t\tdata-text=\"w:normal;s:20,16,12,7;l:0,20,15,9;\"\n\t\t\t\t\t\t\t\tdata-dim=\"w:267px,270px,210px,181px;h:75px,76px,59px,51px;\"\n\t\t\t\t\t\t\t\tdata-frame_1=\"sp:108;\"\n\t\t\t\t\t\t\t\tdata-frame_999=\"o:0;st:w;sp:108;\"\n\t\t\t\t\t\t\t\tstyle=\"z-index:8;\"\n\t\t\t\t\t\t\t><img decoding=\"async\" src=\"\/\/queronavegar.com.br\/navioalexandrepires\/wp-content\/plugins\/revslider\/public\/assets\/assets\/dummy.png\" alt=\"\" class=\"tp-rs-img rs-lazyload\" width=\"361\" height=\"102\" data-lazyload=\"\/\/queronavegar.com.br\/navioalexandrepires\/wp-content\/uploads\/sites\/76\/2024\/11\/preziosa26-min.png\" data-no-retina> \n\t\t\t\t\t\t\t<\/rs-layer><!--\n\n\t\t\t\t\t\t\t--><rs-layer\n\t\t\t\t\t\t\t\tid=\"slider-1-slide-6-layer-4\" \n\t\t\t\t\t\t\t\tdata-type=\"image\"\n\t\t\t\t\t\t\t\tdata-rsp_ch=\"on\"\n\t\t\t\t\t\t\t\tdata-xy=\"xo:886px,575px,329px,279px;yo:21px,111px,92px,58px;\"\n\t\t\t\t\t\t\t\tdata-text=\"w:normal;s:20,16,12,7;l:0,20,15,9;\"\n\t\t\t\t\t\t\t\tdata-dim=\"w:265px,221px,138px,162px;h:251px,209px,131px,153px;\"\n\t\t\t\t\t\t\t\tdata-frame_1=\"sp:108;\"\n\t\t\t\t\t\t\t\tdata-frame_999=\"o:0;st:w;sp:108;\"\n\t\t\t\t\t\t\t\tstyle=\"z-index:7;\"\n\t\t\t\t\t\t\t><img decoding=\"async\" src=\"\/\/queronavegar.com.br\/navioalexandrepires\/wp-content\/plugins\/revslider\/public\/assets\/assets\/dummy.png\" alt=\"\" class=\"tp-rs-img rs-lazyload\" width=\"370\" height=\"350\" data-lazyload=\"\/\/queronavegar.com.br\/navioalexandrepires\/wp-content\/uploads\/sites\/76\/2024\/11\/logo26-min.png\" data-no-retina> \n\t\t\t\t\t\t\t<\/rs-layer><!--\n-->\t\t\t\t\t\t<\/rs-slide>\n\t\t\t\t\t<\/rs-slides>\n\t\t\t\t\t<rs-static-layers><!--\n\t\t\t\t\t--><\/rs-static-layers>\n\t\t\t\t<\/rs-module>\n\t\t\t\t<script>\n\t\t\t\t\tsetREVStartSize({c: 'rev_slider_1_1',rl:[1240,1024,778,480],el:[700,700,400,400],gw:[1240,1024,778,480],gh:[700,700,400,400],type:'standard',justify:'',layout:'fullwidth',mh:\"0\"});if (window.RS_MODULES!==undefined && window.RS_MODULES.modules!==undefined && window.RS_MODULES.modules[\"revslider11\"]!==undefined) {window.RS_MODULES.modules[\"revslider11\"].once = false;window.revapi1 = undefined;if (window.RS_MODULES.checkMinimal!==undefined) window.RS_MODULES.checkMinimal()}\n\t\t\t\t<\/script>\n\t\t\t<\/rs-module-wrap>\n\t\t\t<!-- END REVOLUTION SLIDER -->\n\n\t\t\t\t<\/div>\n\t\t\t<\/div>ATENDIMENTO GRUPOSNavio do Zez\u00e9 2026 De 11 a 14 de Janeiro de 2026 Deseja montar um grupo no navio? Tenha atendimento exclusivo e\u00a0 especializadoQuer atendimento agora? Clique no Bot\u00e3o abaixo&#8230;<\/p>\n","protected":false},"author":1,"featured_media":0,"parent":0,"menu_order":0,"comment_status":"closed","ping_status":"closed","template":"","meta":{"_et_pb_use_builder":"on","_et_pb_old_content":"","_et_gb_content_width":"","_joinchat":[],"footnotes":""},"class_list":["post-4277","page","type-page","status-publish","hentry"],"yoast_head":"<!-- This site is optimized with the Yoast SEO Premium plugin v25.3.1 (Yoast SEO v25.3.1) - https:\/\/yoast.com\/wordpress\/plugins\/seo\/ -->\n<title>Grupos - Navio do Zez\u00e9 2026 - ANTIGO basear<\/title>\n<meta name=\"robots\" content=\"index, follow, max-snippet:-1, max-image-preview:large, max-video-preview:-1\" \/>\n<link rel=\"canonical\" href=\"https:\/\/queronavegar.com.br\/naviodozezeantigobaseeee\/grupos\/\" \/>\n<meta property=\"og:locale\" content=\"pt_BR\" \/>\n<meta property=\"og:type\" content=\"article\" \/>\n<meta property=\"og:title\" content=\"Grupos\" \/>\n<meta property=\"og:description\" content=\"ATENDIMENTO GRUPOSNavio do Zez\u00e9 2026 De 11 a 14 de Janeiro de 2026 Deseja montar um grupo no navio? Tenha atendimento exclusivo e\u00a0 especializadoQuer atendimento agora? Clique no Bot\u00e3o abaixo...\" \/>\n<meta property=\"og:url\" content=\"https:\/\/queronavegar.com.br\/naviodozezeantigobaseeee\/grupos\/\" \/>\n<meta property=\"og:site_name\" content=\"Navio do Zez\u00e9 2026 - ANTIGO basear\" \/>\n<meta property=\"article:modified_time\" content=\"2025-05-26T22:01:58+00:00\" \/>\n<meta name=\"twitter:card\" content=\"summary_large_image\" \/>\n<meta name=\"twitter:label1\" content=\"Est. tempo de leitura\" \/>\n\t<meta name=\"twitter:data1\" content=\"1 minuto\" \/>\n<script type=\"application\/ld+json\" class=\"yoast-schema-graph\">{\"@context\":\"https:\/\/schema.org\",\"@graph\":[{\"@type\":\"WebPage\",\"@id\":\"https:\/\/queronavegar.com.br\/naviodozezeantigobaseeee\/grupos\/\",\"url\":\"https:\/\/queronavegar.com.br\/naviodozezeantigobaseeee\/grupos\/\",\"name\":\"Grupos - Navio do Zez\u00e9 2026 - ANTIGO basear\",\"isPartOf\":{\"@id\":\"https:\/\/queronavegar.com.br\/naviodozezeantigobaseeee\/#website\"},\"datePublished\":\"2024-11-26T16:50:10+00:00\",\"dateModified\":\"2025-05-26T22:01:58+00:00\",\"breadcrumb\":{\"@id\":\"https:\/\/queronavegar.com.br\/naviodozezeantigobaseeee\/grupos\/#breadcrumb\"},\"inLanguage\":\"pt-BR\",\"potentialAction\":[{\"@type\":\"ReadAction\",\"target\":[\"https:\/\/queronavegar.com.br\/naviodozezeantigobaseeee\/grupos\/\"]}]},{\"@type\":\"BreadcrumbList\",\"@id\":\"https:\/\/queronavegar.com.br\/naviodozezeantigobaseeee\/grupos\/#breadcrumb\",\"itemListElement\":[{\"@type\":\"ListItem\",\"position\":1,\"name\":\"In\u00edcio\",\"item\":\"https:\/\/queronavegar.com.br\/naviodozezeantigobaseeee\/\"},{\"@type\":\"ListItem\",\"position\":2,\"name\":\"Grupos\"}]},{\"@type\":\"WebSite\",\"@id\":\"https:\/\/queronavegar.com.br\/naviodozezeantigobaseeee\/#website\",\"url\":\"https:\/\/queronavegar.com.br\/naviodozezeantigobaseeee\/\",\"name\":\"Navio do Zez\u00e9 2026 - ANTIGO basear\",\"description\":\"S\u00f3 mais um site QueroNavegar\",\"potentialAction\":[{\"@type\":\"SearchAction\",\"target\":{\"@type\":\"EntryPoint\",\"urlTemplate\":\"https:\/\/queronavegar.com.br\/naviodozezeantigobaseeee\/?s={search_term_string}\"},\"query-input\":{\"@type\":\"PropertyValueSpecification\",\"valueRequired\":true,\"valueName\":\"search_term_string\"}}],\"inLanguage\":\"pt-BR\"}]}<\/script>\n<!-- \/ Yoast SEO Premium plugin. -->","yoast_head_json":{"title":"Grupos - Navio do Zez\u00e9 2026 - ANTIGO basear","robots":{"index":"index","follow":"follow","max-snippet":"max-snippet:-1","max-image-preview":"max-image-preview:large","max-video-preview":"max-video-preview:-1"},"canonical":"https:\/\/queronavegar.com.br\/naviodozezeantigobaseeee\/grupos\/","og_locale":"pt_BR","og_type":"article","og_title":"Grupos","og_description":"ATENDIMENTO GRUPOSNavio do Zez\u00e9 2026 De 11 a 14 de Janeiro de 2026 Deseja montar um grupo no navio? Tenha atendimento exclusivo e\u00a0 especializadoQuer atendimento agora? Clique no Bot\u00e3o abaixo...","og_url":"https:\/\/queronavegar.com.br\/naviodozezeantigobaseeee\/grupos\/","og_site_name":"Navio do Zez\u00e9 2026 - ANTIGO basear","article_modified_time":"2025-05-26T22:01:58+00:00","twitter_card":"summary_large_image","twitter_misc":{"Est. tempo de leitura":"1 minuto"},"schema":{"@context":"https:\/\/schema.org","@graph":[{"@type":"WebPage","@id":"https:\/\/queronavegar.com.br\/naviodozezeantigobaseeee\/grupos\/","url":"https:\/\/queronavegar.com.br\/naviodozezeantigobaseeee\/grupos\/","name":"Grupos - Navio do Zez\u00e9 2026 - ANTIGO basear","isPartOf":{"@id":"https:\/\/queronavegar.com.br\/naviodozezeantigobaseeee\/#website"},"datePublished":"2024-11-26T16:50:10+00:00","dateModified":"2025-05-26T22:01:58+00:00","breadcrumb":{"@id":"https:\/\/queronavegar.com.br\/naviodozezeantigobaseeee\/grupos\/#breadcrumb"},"inLanguage":"pt-BR","potentialAction":[{"@type":"ReadAction","target":["https:\/\/queronavegar.com.br\/naviodozezeantigobaseeee\/grupos\/"]}]},{"@type":"BreadcrumbList","@id":"https:\/\/queronavegar.com.br\/naviodozezeantigobaseeee\/grupos\/#breadcrumb","itemListElement":[{"@type":"ListItem","position":1,"name":"In\u00edcio","item":"https:\/\/queronavegar.com.br\/naviodozezeantigobaseeee\/"},{"@type":"ListItem","position":2,"name":"Grupos"}]},{"@type":"WebSite","@id":"https:\/\/queronavegar.com.br\/naviodozezeantigobaseeee\/#website","url":"https:\/\/queronavegar.com.br\/naviodozezeantigobaseeee\/","name":"Navio do Zez\u00e9 2026 - ANTIGO basear","description":"S\u00f3 mais um site QueroNavegar","potentialAction":[{"@type":"SearchAction","target":{"@type":"EntryPoint","urlTemplate":"https:\/\/queronavegar.com.br\/naviodozezeantigobaseeee\/?s={search_term_string}"},"query-input":{"@type":"PropertyValueSpecification","valueRequired":true,"valueName":"search_term_string"}}],"inLanguage":"pt-BR"}]}},"_links":{"self":[{"href":"https:\/\/queronavegar.com.br\/naviodozezeantigobaseeee\/wp-json\/wp\/v2\/pages\/4277","targetHints":{"allow":["GET"]}}],"collection":[{"href":"https:\/\/queronavegar.com.br\/naviodozezeantigobaseeee\/wp-json\/wp\/v2\/pages"}],"about":[{"href":"https:\/\/queronavegar.com.br\/naviodozezeantigobaseeee\/wp-json\/wp\/v2\/types\/page"}],"author":[{"embeddable":true,"href":"https:\/\/queronavegar.com.br\/naviodozezeantigobaseeee\/wp-json\/wp\/v2\/users\/1"}],"replies":[{"embeddable":true,"href":"https:\/\/queronavegar.com.br\/naviodozezeantigobaseeee\/wp-json\/wp\/v2\/comments?post=4277"}],"version-history":[{"count":7,"href":"https:\/\/queronavegar.com.br\/naviodozezeantigobaseeee\/wp-json\/wp\/v2\/pages\/4277\/revisions"}],"predecessor-version":[{"id":4422,"href":"https:\/\/queronavegar.com.br\/naviodozezeantigobaseeee\/wp-json\/wp\/v2\/pages\/4277\/revisions\/4422"}],"wp:attachment":[{"href":"https:\/\/queronavegar.com.br\/naviodozezeantigobaseeee\/wp-json\/wp\/v2\/media?parent=4277"}],"curies":[{"name":"wp","href":"https:\/\/api.w.org\/{rel}","templated":true}]}}