{"id":5154,"date":"2025-05-20T11:22:58","date_gmt":"2025-05-20T14:22:58","guid":{"rendered":"https:\/\/queronavegar.com.br\/wsonboard2026\/?page_id=5154"},"modified":"2026-03-30T14:04:40","modified_gmt":"2026-03-30T17:04:40","slug":"1pessoa","status":"publish","type":"page","link":"https:\/\/queronavegar.com.br\/wsonboard\/1pessoa\/","title":{"rendered":"Valores 1 Pessoa"},"content":{"rendered":"<p>[et_pb_section fb_built=&#8221;1&#8243; _builder_version=&#8221;4.22.1&#8243; _module_preset=&#8221;default&#8221; global_colors_info=&#8221;{}&#8221;][et_pb_row _builder_version=&#8221;4.22.1&#8243; _module_preset=&#8221;default&#8221; global_colors_info=&#8221;{}&#8221;][et_pb_column type=&#8221;4_4&#8243; _builder_version=&#8221;4.22.1&#8243; _module_preset=&#8221;default&#8221; global_colors_info=&#8221;{}&#8221;][et_pb_code _builder_version=&#8221;4.27.4&#8243; _module_preset=&#8221;default&#8221; hover_enabled=&#8221;0&#8243; global_colors_info=&#8221;{}&#8221; sticky_enabled=&#8221;0&#8243;]<\/p>\n<style><!-- [et_pb_line_break_holder] -->  html, body {<!-- [et_pb_line_break_holder] -->    margin: 0;<!-- [et_pb_line_break_holder] -->    padding: 0;<!-- [et_pb_line_break_holder] -->    overflow: hidden !important;<!-- [et_pb_line_break_holder] -->    width: 100vw;<!-- [et_pb_line_break_holder] -->  }<!-- [et_pb_line_break_holder] -->  .iframe-container {<!-- [et_pb_line_break_holder] -->    position: fixed;<!-- [et_pb_line_break_holder] -->    top: 0;<!-- [et_pb_line_break_holder] -->    left: 0;<!-- [et_pb_line_break_holder] -->    width: 100vw;<!-- [et_pb_line_break_holder] -->    height: 100vh;<!-- [et_pb_line_break_holder] -->    overflow: hidden;<!-- [et_pb_line_break_holder] -->    margin: 0;<!-- [et_pb_line_break_holder] -->    padding: 0;<!-- [et_pb_line_break_holder] -->  }<!-- [et_pb_line_break_holder] -->  .iframe-container iframe {<!-- [et_pb_line_break_holder] -->    width: 100%;<!-- [et_pb_line_break_holder] -->    height: 100%;<!-- [et_pb_line_break_holder] -->    border: none;<!-- [et_pb_line_break_holder] -->    overflow: auto;<!-- [et_pb_line_break_holder] -->    display: block;<!-- [et_pb_line_break_holder] -->  }<!-- [et_pb_line_break_holder] --><\/style>\n<p><!-- [et_pb_line_break_holder] --><!-- [et_pb_line_break_holder] --><\/p>\n<div class=\"iframe-container\"><!-- [et_pb_line_break_holder] -->    <!-- substitui comando do Dani sem cache por causa do ajuste de frame, encapsulamento 20\/05\/2025 --><!-- [et_pb_line_break_holder] -->  <iframe src=\"https:\/\/reservas.promoacaoeventos.com.br\/quote\/69ca620a0a2c984f34ab2c83?nocache=<?php echo time(); ?>&#8221; scrolling=&#8221;yes&#8221;><\/iframe><!-- [et_pb_line_break_holder] --><\/div>\n<p>[\/et_pb_code][\/et_pb_column][\/et_pb_row][\/et_pb_section]<\/p>\n","protected":false},"excerpt":{"rendered":"","protected":false},"author":1,"featured_media":0,"parent":0,"menu_order":0,"comment_status":"closed","ping_status":"closed","template":"","meta":{"_et_pb_use_builder":"on","_et_pb_old_content":"","_et_gb_content_width":"","_joinchat":[],"footnotes":""},"class_list":["post-5154","page","type-page","status-publish","hentry"],"yoast_head":"<!-- This site is optimized with the Yoast SEO Premium plugin v25.3.1 (Yoast SEO v25.3.1) - https:\/\/yoast.com\/wordpress\/plugins\/seo\/ -->\n<title>Valores Promocionais - WS Onboard 2027 | Vendas Oficiais - Quero Navegar<\/title>\n<meta name=\"description\" content=\"Navio Ws Onboard 2027 com Wesley Safad\u00e3o | Parcele sem Juros | Msc Divina. Compre de Operadora Oficial e Garanta Melhores Condi\u00e7\u00f5es Agora.\" \/>\n<meta name=\"robots\" content=\"index, follow, max-snippet:-1, max-image-preview:large, max-video-preview:-1\" \/>\n<link rel=\"canonical\" href=\"https:\/\/queronavegar.com.br\/wsonboard\/1pessoa\/\" \/>\n<meta property=\"og:locale\" content=\"pt_BR\" \/>\n<meta property=\"og:type\" content=\"article\" \/>\n<meta property=\"og:title\" content=\"Valores 1 Pessoa\" \/>\n<meta property=\"og:description\" content=\"Navio Ws Onboard 2027 com Wesley Safad\u00e3o | Parcele sem Juros | Msc Divina. Compre de Operadora Oficial e Garanta Melhores Condi\u00e7\u00f5es Agora.\" \/>\n<meta property=\"og:url\" content=\"https:\/\/queronavegar.com.br\/wsonboard\/1pessoa\/\" \/>\n<meta property=\"og:site_name\" content=\"WS Onboard 2027 | Vendas Oficiais\" \/>\n<meta property=\"article:modified_time\" content=\"2026-03-30T17:04:40+00:00\" \/>\n<meta name=\"twitter:card\" content=\"summary_large_image\" \/>\n<meta name=\"twitter:label1\" content=\"Est. tempo de leitura\" \/>\n\t<meta name=\"twitter:data1\" content=\"1 minuto\" \/>\n<script type=\"application\/ld+json\" class=\"yoast-schema-graph\">{\"@context\":\"https:\/\/schema.org\",\"@graph\":[{\"@type\":\"WebPage\",\"@id\":\"https:\/\/queronavegar.com.br\/wsonboard\/1pessoa\/\",\"url\":\"https:\/\/queronavegar.com.br\/wsonboard\/1pessoa\/\",\"name\":\"Valores Promocionais - WS Onboard 2027 | Vendas Oficiais - Quero Navegar\",\"isPartOf\":{\"@id\":\"https:\/\/queronavegar.com.br\/wsonboard\/#website\"},\"datePublished\":\"2025-05-20T14:22:58+00:00\",\"dateModified\":\"2026-03-30T17:04:40+00:00\",\"description\":\"Navio Ws Onboard 2027 com Wesley Safad\u00e3o | Parcele sem Juros | Msc Divina. Compre de Operadora Oficial e Garanta Melhores Condi\u00e7\u00f5es Agora.\",\"breadcrumb\":{\"@id\":\"https:\/\/queronavegar.com.br\/wsonboard\/1pessoa\/#breadcrumb\"},\"inLanguage\":\"pt-BR\",\"potentialAction\":[{\"@type\":\"ReadAction\",\"target\":[\"https:\/\/queronavegar.com.br\/wsonboard\/1pessoa\/\"]}]},{\"@type\":\"BreadcrumbList\",\"@id\":\"https:\/\/queronavegar.com.br\/wsonboard\/1pessoa\/#breadcrumb\",\"itemListElement\":[{\"@type\":\"ListItem\",\"position\":1,\"name\":\"In\u00edcio\",\"item\":\"https:\/\/queronavegar.com.br\/wsonboard\/\"},{\"@type\":\"ListItem\",\"position\":2,\"name\":\"Valores 1 Pessoa\"}]},{\"@type\":\"WebSite\",\"@id\":\"https:\/\/queronavegar.com.br\/wsonboard\/#website\",\"url\":\"https:\/\/queronavegar.com.br\/wsonboard\/\",\"name\":\"WS Onboard 2027 | Vendas Oficiais\",\"description\":\"S\u00f3 mais um site QueroNavegar\",\"potentialAction\":[{\"@type\":\"SearchAction\",\"target\":{\"@type\":\"EntryPoint\",\"urlTemplate\":\"https:\/\/queronavegar.com.br\/wsonboard\/?s={search_term_string}\"},\"query-input\":{\"@type\":\"PropertyValueSpecification\",\"valueRequired\":true,\"valueName\":\"search_term_string\"}}],\"inLanguage\":\"pt-BR\"}]}<\/script>\n<!-- \/ Yoast SEO Premium plugin. -->","yoast_head_json":{"title":"Valores Promocionais - WS Onboard 2027 | Vendas Oficiais - Quero Navegar","description":"Navio Ws Onboard 2027 com Wesley Safad\u00e3o | Parcele sem Juros | Msc Divina. Compre de Operadora Oficial e Garanta Melhores Condi\u00e7\u00f5es Agora.","robots":{"index":"index","follow":"follow","max-snippet":"max-snippet:-1","max-image-preview":"max-image-preview:large","max-video-preview":"max-video-preview:-1"},"canonical":"https:\/\/queronavegar.com.br\/wsonboard\/1pessoa\/","og_locale":"pt_BR","og_type":"article","og_title":"Valores 1 Pessoa","og_description":"Navio Ws Onboard 2027 com Wesley Safad\u00e3o | Parcele sem Juros | Msc Divina. Compre de Operadora Oficial e Garanta Melhores Condi\u00e7\u00f5es Agora.","og_url":"https:\/\/queronavegar.com.br\/wsonboard\/1pessoa\/","og_site_name":"WS Onboard 2027 | Vendas Oficiais","article_modified_time":"2026-03-30T17:04:40+00:00","twitter_card":"summary_large_image","twitter_misc":{"Est. tempo de leitura":"1 minuto"},"schema":{"@context":"https:\/\/schema.org","@graph":[{"@type":"WebPage","@id":"https:\/\/queronavegar.com.br\/wsonboard\/1pessoa\/","url":"https:\/\/queronavegar.com.br\/wsonboard\/1pessoa\/","name":"Valores Promocionais - WS Onboard 2027 | Vendas Oficiais - Quero Navegar","isPartOf":{"@id":"https:\/\/queronavegar.com.br\/wsonboard\/#website"},"datePublished":"2025-05-20T14:22:58+00:00","dateModified":"2026-03-30T17:04:40+00:00","description":"Navio Ws Onboard 2027 com Wesley Safad\u00e3o | Parcele sem Juros | Msc Divina. Compre de Operadora Oficial e Garanta Melhores Condi\u00e7\u00f5es Agora.","breadcrumb":{"@id":"https:\/\/queronavegar.com.br\/wsonboard\/1pessoa\/#breadcrumb"},"inLanguage":"pt-BR","potentialAction":[{"@type":"ReadAction","target":["https:\/\/queronavegar.com.br\/wsonboard\/1pessoa\/"]}]},{"@type":"BreadcrumbList","@id":"https:\/\/queronavegar.com.br\/wsonboard\/1pessoa\/#breadcrumb","itemListElement":[{"@type":"ListItem","position":1,"name":"In\u00edcio","item":"https:\/\/queronavegar.com.br\/wsonboard\/"},{"@type":"ListItem","position":2,"name":"Valores 1 Pessoa"}]},{"@type":"WebSite","@id":"https:\/\/queronavegar.com.br\/wsonboard\/#website","url":"https:\/\/queronavegar.com.br\/wsonboard\/","name":"WS Onboard 2027 | Vendas Oficiais","description":"S\u00f3 mais um site QueroNavegar","potentialAction":[{"@type":"SearchAction","target":{"@type":"EntryPoint","urlTemplate":"https:\/\/queronavegar.com.br\/wsonboard\/?s={search_term_string}"},"query-input":{"@type":"PropertyValueSpecification","valueRequired":true,"valueName":"search_term_string"}}],"inLanguage":"pt-BR"}]}},"_links":{"self":[{"href":"https:\/\/queronavegar.com.br\/wsonboard\/wp-json\/wp\/v2\/pages\/5154","targetHints":{"allow":["GET"]}}],"collection":[{"href":"https:\/\/queronavegar.com.br\/wsonboard\/wp-json\/wp\/v2\/pages"}],"about":[{"href":"https:\/\/queronavegar.com.br\/wsonboard\/wp-json\/wp\/v2\/types\/page"}],"author":[{"embeddable":true,"href":"https:\/\/queronavegar.com.br\/wsonboard\/wp-json\/wp\/v2\/users\/1"}],"replies":[{"embeddable":true,"href":"https:\/\/queronavegar.com.br\/wsonboard\/wp-json\/wp\/v2\/comments?post=5154"}],"version-history":[{"count":55,"href":"https:\/\/queronavegar.com.br\/wsonboard\/wp-json\/wp\/v2\/pages\/5154\/revisions"}],"predecessor-version":[{"id":6186,"href":"https:\/\/queronavegar.com.br\/wsonboard\/wp-json\/wp\/v2\/pages\/5154\/revisions\/6186"}],"wp:attachment":[{"href":"https:\/\/queronavegar.com.br\/wsonboard\/wp-json\/wp\/v2\/media?parent=5154"}],"curies":[{"name":"wp","href":"https:\/\/api.w.org\/{rel}","templated":true}]}}